{"id":3469,"date":"2014-04-08T07:09:46","date_gmt":"2014-04-08T07:09:46","guid":{"rendered":"https:\/\/vedicpandits.org\/?page_id=3469"},"modified":"2018-08-15T10:11:58","modified_gmt":"2018-08-15T10:11:58","slug":"cost","status":"publish","type":"page","link":"https:\/\/donation.vedicpandits.org\/tr\/peace-creating-group\/cost\/","title":{"rendered":"MAL\u0130YET"},"content":{"rendered":"<h4>S\u0130LAHLI KUVVETLERE YAPILAN HARCAMALARIN K\u00dc\u00c7\u00dcK B\u0130R PAR\u00c7ASI \u0130LE KALICI BARI\u015e SA\u011eLANAB\u0130L\u0130R<\/h4>\n<p>K\u00fcresel Bar\u0131\u015f Giri\u015fimi, modern zamanlar\u0131n en az maliyetli ve en etkin bar\u0131\u015f g\u00fcc\u00fcne sahiptir. Bar\u0131\u015f\u0131n kal\u0131c\u0131 olmas\u0131 i\u00e7in gereken kaynak, t\u00fcm d\u00fcnyadaki silahl\u0131 kuvvetlerin her alt\u0131 saatte harcad\u0131\u011f\u0131 miktardan daha azd\u0131r. Bir B-2 bombard\u0131man u\u00e7a\u011f\u0131n\u0131n maliyetinin yar\u0131s\u0131 kadard\u0131r. Bu proje i\u00e7in gereken kaynak silahl\u0131 kuvvetlerin b\u00fct\u00e7esinin \u00e7ok ufak bir k\u0131sm\u0131 kadar olsa da, \u00f6nemli bir miktard\u0131r. K\u00fcresel Bar\u0131\u015f Giri\u015fimi\u2019nin desteklenmesinin y\u0131ll\u0131k maliyeti 45.5 milyon dolard\u0131r (ABD dolar\u0131). Y\u0131ll\u0131k maliyet iki k\u0131s\u0131mdan olu\u015fur: <\/p>\n<p>1. Hindistan\u2019\u0131n merkezinde 9,000 ki\u015filik Maharishi Veda Panditleri grubunu desteklemek.<\/p>\n<p>2. Yeni Maharishi Veda Panditleri yeti\u015ftiren e\u011fitim program\u0131n\u0131 desteklemek.<\/p>\n<p>Ana yerle\u015fkedeki faaliyetler ve e\u011fitim programlar\u0131 uygulama a\u015famas\u0131nda oldu\u011fundan her bir kalemin maliyeti iyi bilinmektedir. Bu maliyetlerin \u00f6zetini a\u015fa\u011f\u0131da g\u00f6rebilirsiniz.<\/p>\n<div class=\"border-line\">&nbsp;<\/div>\n<div class=\"grid-holder grid-border-50\">\n<div class=\"grid grid-desktop-50 grid-mobile-100\"><div class=\"holder\"><p><img loading=\"lazy\" decoding=\"async\" src=\"\/wp-content\/uploads\/2014\/04\/2146-432.jpg\" alt=\"2146 - 432\" width=\"432\" height=\"253\" class=\"alignleft size-full wp-image-577\" srcset=\"https:\/\/donation.vedicpandits.org\/wp-content\/uploads\/2014\/04\/2146-432.jpg 432w, https:\/\/donation.vedicpandits.org\/wp-content\/uploads\/2014\/04\/2146-432-300x175.jpg 300w, https:\/\/donation.vedicpandits.org\/wp-content\/uploads\/2014\/04\/2146-432-430x253.jpg 430w\" sizes=\"auto, (max-width: 432px) 100vw, 432px\" \/><\/p>\n<h4>1. 9,000 K\u0130\u015e\u0130L\u0130K ANA GRUBUN DEVAMLILI\u011eI<\/h4>\n<p>Ayl\u0131k 250 dolar her bir Pandit i\u00e7in bar\u0131nma, beslenme, hastane masraflar\u0131, giyim, e\u011fitim masraflar\u0131 ve az da olsa ailesine g\u00f6nderilecek har\u00e7l\u0131\u011f\u0131 kar\u015f\u0131lamak i\u00e7in yeterlidir. Bu miktar ayn\u0131 zamanda Hindistan\u2019\u0131n Brahmasthan\u2019\u0131ndaki genel bak\u0131m, y\u00f6netim ile ilgili di\u011fer masraflar\u0131 da kar\u015f\u0131lar. Yerle\u015fkede 9,000 Veda Panditinin bu projeye kat\u0131lmas\u0131n\u0131n y\u0131ll\u0131k maliyeti 27 milyon dolard\u0131r.<\/p>\n<\/div><\/div>\n<div class=\"grid grid-desktop-50 grid-mobile-100\"><div class=\"holder\"><p><a href=\"\/wp-content\/uploads\/2014\/04\/9297-432.jpg\"><img loading=\"lazy\" decoding=\"async\" src=\"\/wp-content\/uploads\/2014\/04\/9297-432.jpg\" alt=\"9297 - 432\" width=\"432\" height=\"253\" class=\"alignleft size-full wp-image-579\" srcset=\"https:\/\/donation.vedicpandits.org\/wp-content\/uploads\/2014\/04\/9297-432.jpg 432w, https:\/\/donation.vedicpandits.org\/wp-content\/uploads\/2014\/04\/9297-432-300x175.jpg 300w, https:\/\/donation.vedicpandits.org\/wp-content\/uploads\/2014\/04\/9297-432-430x253.jpg 430w\" sizes=\"auto, (max-width: 432px) 100vw, 432px\" \/><\/a><\/p>\n<h4>2. PAND\u0130T E\u011e\u0130T\u0130M PROGRAMI<\/h4>\n<p>Hindistan\u2019\u0131n merkezindeki Maharishi Veda Panditlerine, devaml\u0131 destek  olabilmesi i\u00e7in e\u011fitim program\u0131 a\u015fa\u011f\u0131daki \u015fekilde tasarlanm\u0131\u015ft\u0131r: &#8211; 20,000 gen\u00e7 \u00f6\u011frencinin kendi k\u00f6ylerinde e\u011fitimlerinin maliyeti ayl\u0131k \u00f6\u011frenci ba\u015f\u0131na 12 dolar \u2013 10,000 ya\u015f\u00e7a daha b\u00fcy\u00fck yat\u0131l\u0131 e\u011fitim merkezlerindeki \u00f6\u011frencinin maliyeti ayl\u0131k 130 dolard\u0131r. E\u011fitim program\u0131n\u0131n y\u0131ll\u0131k maliyeti 18.5 milyon dolard\u0131r.<\/p>\n<\/div><\/div>\n<\/div>\n<h4 style=\"text-align: center; margin-top: 20px;\">TOPLAM B\u00dcT\u00c7E<\/h4>\n<p style=\"text-align: center;\">Ana grup ve e\u011fitim program\u0131 i\u00e7in toplam y\u0131ll\u0131k b\u00fct\u00e7e 45.5 milyon dolard\u0131r.<\/p>\n<div class=\"border-line\">&nbsp;<\/div>\n<p style=\"text-align: center; color: #e07e27;\"><em>Bir Pandit\u2019e destek olmak veya projemize ba\u011f\u0131\u015fta bulunmak isterseniz t\u0131klay\u0131n.<\/em><\/p>\n\t<p style=\"text-align: center\">\n\t\t<a href=\"https:\/\/aro.vedicpandits.org\/tr\/donate\"   class=\"btn btn-large \" > > \n\t\t\tPROJEYE DESTEK OLUN\t\t<\/a>\n\t<\/p>\n\n\t\n","protected":false},"excerpt":{"rendered":"<p>S\u0130LAHLI KUVVETLERE YAPILAN HARCAMALARIN K\u00dc\u00c7\u00dcK B\u0130R PAR\u00c7ASI \u0130LE KALICI BARI\u015e SA\u011eLANAB\u0130L\u0130R K\u00fcresel Bar\u0131\u015f Giri\u015fimi, modern zamanlar\u0131n en az maliyetli ve en etkin bar\u0131\u015f g\u00fcc\u00fcne sahiptir. Bar\u0131\u015f\u0131n kal\u0131c\u0131 olmas\u0131 i\u00e7in gereken kaynak, t\u00fcm d\u00fcnyadaki silahl\u0131 kuvvetlerin her alt\u0131 saatte harcad\u0131\u011f\u0131 miktardan daha azd\u0131r. Bir B-2 bombard\u0131man u\u00e7a\u011f\u0131n\u0131n maliyetinin yar\u0131s\u0131 kadard\u0131r. Bu proje i\u00e7in gereken kaynak silahl\u0131 [&hellip;]<\/p>\n","protected":false},"author":3,"featured_media":192,"parent":3316,"menu_order":5,"comment_status":"open","ping_status":"closed","template":"","meta":{"om_disable_all_campaigns":false,"_monsterinsights_skip_tracking":false,"_monsterinsights_sitenote_active":false,"_monsterinsights_sitenote_note":"","_monsterinsights_sitenote_category":0,"footnotes":""},"class_list":["post-3469","page","type-page","status-publish","has-post-thumbnail","hentry"],"_links":{"self":[{"href":"https:\/\/donation.vedicpandits.org\/tr\/wp-json\/wp\/v2\/pages\/3469","targetHints":{"allow":["GET"]}}],"collection":[{"href":"https:\/\/donation.vedicpandits.org\/tr\/wp-json\/wp\/v2\/pages"}],"about":[{"href":"https:\/\/donation.vedicpandits.org\/tr\/wp-json\/wp\/v2\/types\/page"}],"author":[{"embeddable":true,"href":"https:\/\/donation.vedicpandits.org\/tr\/wp-json\/wp\/v2\/users\/3"}],"replies":[{"embeddable":true,"href":"https:\/\/donation.vedicpandits.org\/tr\/wp-json\/wp\/v2\/comments?post=3469"}],"version-history":[{"count":12,"href":"https:\/\/donation.vedicpandits.org\/tr\/wp-json\/wp\/v2\/pages\/3469\/revisions"}],"predecessor-version":[{"id":15080,"href":"https:\/\/donation.vedicpandits.org\/tr\/wp-json\/wp\/v2\/pages\/3469\/revisions\/15080"}],"up":[{"embeddable":true,"href":"https:\/\/donation.vedicpandits.org\/tr\/wp-json\/wp\/v2\/pages\/3316"}],"wp:featuredmedia":[{"embeddable":true,"href":"https:\/\/donation.vedicpandits.org\/tr\/wp-json\/wp\/v2\/media\/192"}],"wp:attachment":[{"href":"https:\/\/donation.vedicpandits.org\/tr\/wp-json\/wp\/v2\/media?parent=3469"}],"curies":[{"name":"wp","href":"https:\/\/api.w.org\/{rel}","templated":true}]}}