{"id":3474,"date":"2014-04-08T07:09:52","date_gmt":"2014-04-08T07:09:52","guid":{"rendered":"https:\/\/vedicpandits.org\/?page_id=3474"},"modified":"2016-07-27T10:12:00","modified_gmt":"2016-07-27T10:12:00","slug":"progress","status":"publish","type":"page","link":"https:\/\/donation.vedicpandits.org\/tr\/peace-creating-group\/progress\/","title":{"rendered":"GEL\u0130\u015eMELER"},"content":{"rendered":"<h4>AMACA ULA\u015eMA YOLUNDA K\u0130LOMETRE TA\u015eLARI<\/h4>\n<ul>\n<li>9,000 Maharishi Veda Panditini misafir edecek yerle\u015fke i\u00e7in Hindistan\u2019n\u0131n Madha Pradesh eyalatinde Japalpur\u2019da 1,700 akre (688 hektar) arazi al\u0131nd\u0131 (Yukar\u0131daki foto\u011fraf 2013 y\u0131l\u0131nda \u00e7ekilmi\u015ftir.)<\/li>\n<li>2,500 Maharishi Veda Panditinin konaklayabilece\u011fi binalar tamamlanm\u0131\u015f durumdadir. Bu k\u0131s\u0131m altyap\u0131, idari binalar, yemek salonlar\u0131, Yagya salonlar\u0131 ve bir mand\u0131radan olu\u015fmaktad\u0131r. Yerle\u015fkenin tamam\u0131  Veda\u2019ya dayal\u0131 mimari bilimi olan Maharishi Sthapathya Veda ilkelerine g\u00f6re yap\u0131ld\u0131. <\/li>\n<li>E\u011fitimini tamamlam\u0131\u015f 2,000\u2019i a\u015fk\u0131n Maharishi Veda Panditi burada kalmakta ve bar\u0131\u015f yaratmaya y\u00f6nelik g\u00fcnl\u00fck programlar\u0131na devam etmektedirler.  <\/li>\n<li>5,000 Pandit i\u00e7in ek konaklama tesisinin in\u015faat\u0131 ba\u015flad\u0131. Bitirilebilmesi i\u00e7in ek kayna\u011fa ihtiya\u00e7 duyulmaktad\u0131r.  <\/li>\n<li>Gen\u00e7 ya\u015ftaki Panditlerin kendi k\u00f6ylerinde e\u011fitildi\u011fi \u2018Guru Ji\u2019 program\u0131 10 y\u0131l \u00f6nce ba\u015flam\u0131\u015ft\u0131r ve devam etmektedir. <\/li>\n<li>Ya\u015f\u00e7a daha b\u00fcy\u00fck \u00f6\u011frenciler i\u00e7in e\u011fitimler Hindistan genelinde 46 b\u00f6lgesel e\u011fitim merkezinde devam etmektedir. \u015eu an bu merkezlerde 3,000 kadar yat\u0131l\u0131 \u00f6\u011frenci bulunmakd\u0131r.<\/li>\n<li>K\u00fcresel Bar\u0131\u015f Giri\u015fimi\u2019ni desteklemek \u00fczere kaynak bulacak iki vak\u0131f kuruldu. ABD\u2019de Brahmananda Saraswati Foundation ve Hollanda\u2019da Brahmananda Saraswati Trust, bulunduklar\u0131 \u00fclkelerde kay\u0131tl\u0131 yard\u0131m kurulu\u015flar\u0131d\u0131r. <\/li>\n<li> Bu giri\u015fimi 90 farkl\u0131 \u00fclkede desteklemek \u00fczere G\u00f6n\u00fcll\u00fc  (<a href=\"https:\/\/donation.vedicpandits.org\/tr\/contact\/\">\u2018Ulusal Temsilciler\u2019<\/a>) a\u011f\u0131 kurulmu\u015ftur.  <\/li>\n<li>Sadece birka\u00e7 y\u0131ll\u0131k ge\u00e7mi\u015fi olmas\u0131na ra\u011fmen ayl\u0131k d\u00fczenli ba\u011f\u0131\u015flar\u0131 artt\u0131rmaya y\u00f6nelik program, Panditlere her ay 429,000 dolar destek sa\u011flad\u0131. <\/li>\n<li>D\u00fcnya \u00e7ap\u0131nda Transandantal Meditasyon hareketinin ulusal kurumlar\u0131 da Maharishi Veda Panditlerini toplad\u0131klar\u0131 ba\u011f\u0131\u015flarla desteklemekteler.\n<\/li>\n<p>\t<!--\n\n<li>Amerika\u2019da ABD\u2019li ba\u011f\u0131\u015f\u00e7\u0131lar\u0131n deste\u011fi ile, Iowa\u2019daki Maharishi Vedic City\u2019de, bir Maharishi Veda Panditleri grubu olu\u015fturuldu. \n\n<\/li>\n\n-->\n<\/ul>\n","protected":false},"excerpt":{"rendered":"<p>AMACA ULA\u015eMA YOLUNDA K\u0130LOMETRE TA\u015eLARI 9,000 Maharishi Veda Panditini misafir edecek yerle\u015fke i\u00e7in Hindistan\u2019n\u0131n Madha Pradesh eyalatinde Japalpur\u2019da 1,700 akre (688 hektar) arazi al\u0131nd\u0131 (Yukar\u0131daki foto\u011fraf 2013 y\u0131l\u0131nda \u00e7ekilmi\u015ftir.) 2,500 Maharishi Veda Panditinin konaklayabilece\u011fi binalar tamamlanm\u0131\u015f durumdadir. Bu k\u0131s\u0131m altyap\u0131, idari binalar, yemek salonlar\u0131, Yagya salonlar\u0131 ve bir mand\u0131radan olu\u015fmaktad\u0131r. Yerle\u015fkenin tamam\u0131 Veda\u2019ya dayal\u0131 mimari [&hellip;]<\/p>\n","protected":false},"author":3,"featured_media":189,"parent":3316,"menu_order":6,"comment_status":"open","ping_status":"closed","template":"","meta":{"om_disable_all_campaigns":false,"_monsterinsights_skip_tracking":false,"_monsterinsights_sitenote_active":false,"_monsterinsights_sitenote_note":"","_monsterinsights_sitenote_category":0,"footnotes":""},"class_list":["post-3474","page","type-page","status-publish","has-post-thumbnail","hentry"],"_links":{"self":[{"href":"https:\/\/donation.vedicpandits.org\/tr\/wp-json\/wp\/v2\/pages\/3474","targetHints":{"allow":["GET"]}}],"collection":[{"href":"https:\/\/donation.vedicpandits.org\/tr\/wp-json\/wp\/v2\/pages"}],"about":[{"href":"https:\/\/donation.vedicpandits.org\/tr\/wp-json\/wp\/v2\/types\/page"}],"author":[{"embeddable":true,"href":"https:\/\/donation.vedicpandits.org\/tr\/wp-json\/wp\/v2\/users\/3"}],"replies":[{"embeddable":true,"href":"https:\/\/donation.vedicpandits.org\/tr\/wp-json\/wp\/v2\/comments?post=3474"}],"version-history":[{"count":8,"href":"https:\/\/donation.vedicpandits.org\/tr\/wp-json\/wp\/v2\/pages\/3474\/revisions"}],"predecessor-version":[{"id":8669,"href":"https:\/\/donation.vedicpandits.org\/tr\/wp-json\/wp\/v2\/pages\/3474\/revisions\/8669"}],"up":[{"embeddable":true,"href":"https:\/\/donation.vedicpandits.org\/tr\/wp-json\/wp\/v2\/pages\/3316"}],"wp:featuredmedia":[{"embeddable":true,"href":"https:\/\/donation.vedicpandits.org\/tr\/wp-json\/wp\/v2\/media\/189"}],"wp:attachment":[{"href":"https:\/\/donation.vedicpandits.org\/tr\/wp-json\/wp\/v2\/media?parent=3474"}],"curies":[{"name":"wp","href":"https:\/\/api.w.org\/{rel}","templated":true}]}}