{"id":3482,"date":"2014-04-08T07:10:00","date_gmt":"2014-04-08T07:10:00","guid":{"rendered":"https:\/\/vedicpandits.org\/?page_id=3482"},"modified":"2016-01-09T11:00:23","modified_gmt":"2016-01-09T11:00:23","slug":"yagya","status":"publish","type":"page","link":"https:\/\/donation.vedicpandits.org\/tr\/yagya\/","title":{"rendered":"Yagya"},"content":{"rendered":"<h4>MAHARISHI YAGYA<\/h4>\n<p>Hindistan\u2019daki Maharishi Veda Panditleri grubu i\u00e7in yap\u0131lan ba\u011f\u0131\u015flar, Panditler taraf\u0131ndan ger\u00e7ekle\u015ftirilen \u00f6zel Veda uygulamalar\u0131na, yani Yagyalara katk\u0131 sa\u011flar. Sesbilimini kullanan Yagyalar, \u00fclkeniz Ulusal Yagya ve kendiniz \u00d6zel Yagya i\u00e7in say\u0131s\u0131z olumlu etki yarat\u0131r. <\/p>\n<div class=\"border-line\">&nbsp;<\/div>\n<div class=\"grid-holder\">\n<div class=\"grid grid-desktop-50 grid-mobile-100\">\n<div class=\"holder button\">\n<a class=\"btn btn-large btn-full\" href=\"https:\/\/donation.vedicpandits.org\/yagya\/national-yagya\/\">Ulusal Yagya<\/a><\/p>\n<\/div>\n<\/div>\n<div class=\"grid grid-desktop-50 grid-mobile-100\">\n<div class=\"holder button\">\n<a class=\"btn btn-large btn-full \"href=\"https:\/\/donation.vedicpandits.org\/yagya\/special-yagya\/\">\u00d6zel Yagya<\/a>\n<\/div>\n<\/div>\n<\/div>\n<p><\/p>\n<div class=\"border-line\">&nbsp;<\/div>\n<h4>YAGYA NED\u0130R? <\/h4>\n<p>Yagya, zaman\u0131n s\u0131nav\u0131ndan ge\u00e7mi\u015f, sorunlar\u0131 \u00f6nlemesinin yan\u0131 s\u0131ra \u015fans ve ba\u015far\u0131 getiren Veda\u2019ya dayal\u0131 etkili bir teknolojidir. Vedalar\u0131n ezbere s\u00f6yleni\u015fi UNESCO taraf\u0131ndan insanl\u0131\u011f\u0131n manevi miras\u0131 olarak ilan edilmi\u015ftir. <\/p>\n<div class=\"border-line\">&nbsp;<\/div>\n<div class=\"grid-holder\">\n<div class=\"grid grid-desktop-50 grid-mobile-100\"><div class=\"holder\"><h4>MAHARISHI YAGYA\u2019YI \u00d6ZEL KILAN NED\u0130R?  <\/h4>\n<p>Maharishi Mahesh Yogi uzun y\u0131llar\u0131n\u0131 sistemli bir \u015fekilde Yagya\u2019n\u0131n yeniden canland\u0131r\u0131lmas\u0131na adam\u0131\u015ft\u0131r; \u00e7ok eski d\u00f6nemlerden gelen bu teknolojiyi ba\u015flang\u0131\u00e7taki tam g\u00fcc\u00fcne kavu\u015fturmu\u015ftur. <\/p>\n<p>Maharishi\u2019nin insanl\u0131\u011fa kazand\u0131rd\u0131\u011f\u0131 \u00f6nemli anlay\u0131\u015f, Veda Mantralar\u0131n\u0131n, dikkatin A\u015fk\u0131n bilin\u00e7te yerle\u015fmi\u015f olarak s\u00f6ylenmesi gerekti\u011fidir. \u00c7\u00fcnk\u00fc bu alanda sesle \u015fekil, arzuyla arzunun amac\u0131na ula\u015fmas\u0131 aras\u0131ndaki ili\u015fki \u00e7ok yak\u0131n ve g\u00fc\u00e7l\u00fcd\u00fcr. Maharishi, Veda Yagyalar\u0131n\u0131n do\u011fru uygulanmas\u0131 i\u00e7in gerekli iki temel \u00f6zelli\u011fi \u015f\u00f6yle tan\u0131mlar:<\/p>\n<p>\u00d6ncelikle, her g\u00fcn d\u00fczenli olarak uygulad\u0131klar\u0131 TM ve TM-Sidhi teknikleri ile Maharishi Veda Panditleri, bilincin en durulmu\u015f d\u00fczeyini deneyimlerler. B\u00f6ylelikle Yagya uygulamas\u0131 \u00f6ncesinde konu\u015fman\u0131n A\u015fk\u0131n alan\u0131 canlanm\u0131\u015f olur. Sonu\u00e7 olarak Panditler bilincin bu sakin alan\u0131ndan Yagyalar\u0131 uygularlar ve do\u011fa yasalar\u0131n\u0131n daha derin d\u00fczeylerini devreye sokarlar. <\/p>\n<p>\u0130kincisi, Maharishi Veda Panditleri e\u015fsiz ve kapsaml\u0131 bir e\u011fitimden ge\u00e7melidirler. Veda Panditlerinin e\u011fitimlerindeki incelikleri geli\u015ftirmek ve en m\u00fckemmel e\u011fitimi olu\u015fturmak i\u00e7in Maharishi y\u0131llarca Hindistan\u2019\u0131n her k\u00f6\u015fesinden gelen Usta Panditlerle yo\u011fun bir \u015fekilde \u00e7al\u0131\u015fm\u0131\u015ft\u0131r. Verilen e\u011fitim, Veda Panditlerinin, geleneksel etkinin tamamen ortaya \u00e7\u0131kt\u0131\u011f\u0131 do\u011fru uygulamalar\u0131 ve telaffuzu \u00f6\u011frenmelerini sa\u011flar. <\/p>\n<p>Maharishi Yagyalar\u0131n\u0131n g\u00fc\u00e7l\u00fc ve geni\u015f \u00e7apl\u0131 etkisinin nedenleri i\u015fte bunlard\u0131r. <\/p>\n<\/div><\/div>\n<div class=\"grid grid-desktop-50 grid-mobile-100\"><div class=\"holder\"><p><img loading=\"lazy\" decoding=\"async\" class=\"alignright size-full wp-image-261\" src=\"\/wp-content\/uploads\/2014\/04\/CHANTING-PANDIT-EYES-CLOSED432.jpg\" alt=\"CHANTING PANDIT EYES CLOSED432\" width=\"432\" height=\"516\" srcset=\"https:\/\/donation.vedicpandits.org\/wp-content\/uploads\/2014\/04\/CHANTING-PANDIT-EYES-CLOSED432.jpg 432w, https:\/\/donation.vedicpandits.org\/wp-content\/uploads\/2014\/04\/CHANTING-PANDIT-EYES-CLOSED432-251x300.jpg 251w, https:\/\/donation.vedicpandits.org\/wp-content\/uploads\/2014\/04\/CHANTING-PANDIT-EYES-CLOSED432-300x358.jpg 300w\" sizes=\"auto, (max-width: 432px) 100vw, 432px\" \/><\/p>\n<\/div><\/div>\n<\/div>\n","protected":false},"excerpt":{"rendered":"<p>MAHARISHI YAGYA Hindistan\u2019daki Maharishi Veda Panditleri grubu i\u00e7in yap\u0131lan ba\u011f\u0131\u015flar, Panditler taraf\u0131ndan ger\u00e7ekle\u015ftirilen \u00f6zel Veda uygulamalar\u0131na, yani Yagyalara katk\u0131 sa\u011flar. Sesbilimini kullanan Yagyalar, \u00fclkeniz Ulusal Yagya ve kendiniz \u00d6zel Yagya i\u00e7in say\u0131s\u0131z olumlu etki yarat\u0131r. Ulusal Yagya \u00d6zel Yagya YAGYA NED\u0130R? Yagya, zaman\u0131n s\u0131nav\u0131ndan ge\u00e7mi\u015f, sorunlar\u0131 \u00f6nlemesinin yan\u0131 s\u0131ra \u015fans ve ba\u015far\u0131 getiren Veda\u2019ya dayal\u0131 [&hellip;]<\/p>\n","protected":false},"author":3,"featured_media":183,"parent":0,"menu_order":0,"comment_status":"open","ping_status":"closed","template":"","meta":{"om_disable_all_campaigns":false,"_monsterinsights_skip_tracking":false,"_monsterinsights_sitenote_active":false,"_monsterinsights_sitenote_note":"","_monsterinsights_sitenote_category":0,"footnotes":""},"class_list":["post-3482","page","type-page","status-publish","has-post-thumbnail","hentry"],"_links":{"self":[{"href":"https:\/\/donation.vedicpandits.org\/tr\/wp-json\/wp\/v2\/pages\/3482","targetHints":{"allow":["GET"]}}],"collection":[{"href":"https:\/\/donation.vedicpandits.org\/tr\/wp-json\/wp\/v2\/pages"}],"about":[{"href":"https:\/\/donation.vedicpandits.org\/tr\/wp-json\/wp\/v2\/types\/page"}],"author":[{"embeddable":true,"href":"https:\/\/donation.vedicpandits.org\/tr\/wp-json\/wp\/v2\/users\/3"}],"replies":[{"embeddable":true,"href":"https:\/\/donation.vedicpandits.org\/tr\/wp-json\/wp\/v2\/comments?post=3482"}],"version-history":[{"count":15,"href":"https:\/\/donation.vedicpandits.org\/tr\/wp-json\/wp\/v2\/pages\/3482\/revisions"}],"predecessor-version":[{"id":7863,"href":"https:\/\/donation.vedicpandits.org\/tr\/wp-json\/wp\/v2\/pages\/3482\/revisions\/7863"}],"wp:featuredmedia":[{"embeddable":true,"href":"https:\/\/donation.vedicpandits.org\/tr\/wp-json\/wp\/v2\/media\/183"}],"wp:attachment":[{"href":"https:\/\/donation.vedicpandits.org\/tr\/wp-json\/wp\/v2\/media?parent=3482"}],"curies":[{"name":"wp","href":"https:\/\/api.w.org\/{rel}","templated":true}]}}