{"id":3511,"date":"2014-04-08T07:10:05","date_gmt":"2014-04-08T07:10:05","guid":{"rendered":"https:\/\/vedicpandits.org\/?page_id=3511"},"modified":"2024-06-12T14:53:15","modified_gmt":"2024-06-12T14:53:15","slug":"about-us","status":"publish","type":"page","link":"https:\/\/donation.vedicpandits.org\/tr\/about-us\/","title":{"rendered":"HAKKIMIZDA"},"content":{"rendered":"<h4>VAKIFLAR<\/h4>\n<p>Hollanda\u2019daki Brahmananda Saraswati Trust (Vak\u0131f) ve ABD\u2019deki Brahmananda Saraswati Foundation (Vak\u0131f) Maharishi Veda Panditleri grubuna kaynak tahsisini d\u00fczenlemekte ve y\u00f6netmektedir.<\/p>\n<p>Bu kurulu\u015flar\u0131n amac\u0131 d\u00fcnya \u00e7ap\u0131nda kaynak olu\u015fturulmas\u0131, ba\u011f\u0131\u015flar\u0131n kabul\u00fc ve Ba\u011f\u0131\u015f Fonu yat\u0131r\u0131mlar\u0131n\u0131n y\u00f6netilmesidir. Her iki vak\u0131f da, projenin hedefine ula\u015fmas\u0131 i\u00e7in Hindistan\u2019daki y\u00f6netime yap\u0131lan b\u00fct\u00fcn \u00f6demeleri y\u00f6nlendirir ve kontrol eder. Bu vak\u0131flar, d\u00fcnyan\u0131n farkl\u0131 yerlerinden gelen bilim insanlar\u0131, e\u011fitimciler ve i\u015f d\u00fcnyas\u0131n\u0131n \u00f6nc\u00fclerinden olu\u015fan bir kurul taraf\u0131ndan denetlenirler.<\/p>\n<p>Her iki vak\u0131f da Maharishi Mahesh Yogi taraf\u0131ndan kurulmu\u015ftur. Maharishi, ustasi Guru Dev\u2019in onuruna bu vak\u0131flara, Brahmananda Saraswati ismini vermi\u015ftir. Veda Gelene\u011fi\u2019nin en \u00f6nemli temsilcili\u011fi olan Hindistan\u2019da Jyotir Math\u2019\u0131n Shankaracharyal\u0131\u011f\u0131n\u0131 yapm\u0131\u015f, en sayg\u0131de\u011fer ruhani liderlerden birisidir.<\/p>\n<div class=\"border-line\">&nbsp;<\/div>\n<div class=\"grid-holder grid-border-50\">\n<div class=\"grid grid-desktop-50 grid-mobile-100\"><div class=\"holder\"><h4>Brahmananda Saraswati Trust<\/h4>\n<p>Brahmananda Saraswati Trust, Hollanda\u2019da 2008 y\u0131l\u0131nda kurulan ve kar amac\u0131 g\u00fctmeyen bir vak\u0131ft\u0131r. Vakf\u0131n \u00e7al\u0131\u015fmalar\u0131 Avrupa\u2019n\u0131n yan\u0131 s\u0131ra Orta Do\u011fu, Afrika ve Asya \u00fclkelerini de kapsamaktad\u0131r. Baz\u0131 Avrupa \u00fclkelerinde yap\u0131lan ba\u011f\u0131\u015flar vergiden d\u00fc\u015f\u00fclebilir (L\u00fctfen mali m\u00fc\u015favirinize dan\u0131\u015f\u0131n). <\/p>\n<\/div><\/div>\n<div class=\"grid grid-desktop-50 grid-mobile-100\"><div class=\"holder\"><h4>Brahmananda Saraswati Foundation<\/h4>\n<p>2008 y\u0131l\u0131nda ABD\u2019de kurulan Brahmananda Saraswati Foundation, 501(c)(3)  t\u00fcr\u00fcnde kar amac\u0131 g\u00fctmeyen bir vak\u0131ft\u0131r. ABD\u2019deki vergi m\u00fckellefleri i\u00e7in vakfa yap\u0131lan ba\u011f\u0131\u015flar vergiden d\u00fc\u015f\u00fclebilir.<\/p>\n<\/div><\/div>\n<\/div>\n<div class=\"border-line\">&nbsp;<\/div>\n<p><strong>Brahmananda Saraswati Vakf\u0131 ba\u015fkan\u0131<\/strong><\/p>\n<p><img loading=\"lazy\" decoding=\"async\" src=\"https:\/\/globalpeaceproject.net\/wp-content\/uploads\/2020\/08\/Dr._Tony_Nader4.png\" alt=\"\" width=\"125\" height=\"164\" class=\"alignleft size-full wp-image-359\" \/><\/p>\n<p><strong>Tony Nader, MD PhD MARR <\/strong><\/p>\n<p style=\"margin-bottom:20px;\">Dr Nader Massachusetts Institute of Technology de  (N\u00f6robilimde Doktora)  ve Harvard \u00dcniversitesinde e\u011fitim g\u00f6rm\u00fc\u015f bir t\u0131p doktoru olup ayn\u0131 zamanda d\u00fcnyaca tan\u0131nm\u0131\u015f bir Veda bilimcisidir. Maharishi Mahesh Yogi\u2019nin halefi olarak 100 den fazla  \u00fclkede Transandantal Meditasyon kurumunun ba\u015fkan\u0131d\u0131r. Dr Nader Transandantal Meditasyon program\u0131n\u0131n ve ileri uygulamalar\u0131n\u0131n y\u00f6neticisidir ve ulusal ya\u015fam\u0131n her y\u00f6n\u00fcndeki en \u00fcst\u00fcn toplumsal emelleri ger\u00e7ekle\u015ftirmek \u00fczere \u00e7al\u0131\u015fmalar\u0131n\u0131 s\u00fcrd\u00fcrmektedir.<\/p>\n<div class=\"border-line\">&nbsp;<\/div>\n<p><strong> Brahmananda Saraswati Foundation y\u00f6netim kurulu ba\u015fkan\u0131 <\/strong><\/p>\n<p><img loading=\"lazy\" decoding=\"async\" src=\"https:\/\/donation.vedicpandits.org\/wp-content\/uploads\/2020\/10\/DrMorris.jpg\" alt=\"\" width=\"125\" height=\"164\" class=\"alignleft size-full wp-image-359\" \/><\/p>\n<p><strong>Dr. Bevan Morris, D.S.C.I<\/strong><\/p>\n<p style=\"margin-bottom:0px;\">Dr Morris \u0130ngiltere\u2019de Cambridge \u00dcniversitesi mezunu. Maharishi\u2019den Yarat\u0131c\u0131 Zeka Bilimi doktoru \u00fcnvan\u0131n\u0131 kazanan d\u00fcnyadaki ilk ki\u015fidir. 36 y\u0131l boyunca Maharishi International  University Fairfield \/IOWA   ba\u015fkanl\u0131\u011f\u0131 yapt\u0131 ve \u015fimdi emekli  ba\u015fkan olup Maharishi International \u00dcniversitelerinin Uluslararas\u0131 ba\u015fkan\u0131d\u0131r. Bilince Dayal\u0131 E\u011fitimde en b\u00fcy\u00fck uzman olup 120 \u00fclkede Maharishi\u2019nin programlar\u0131n\u0131 halka, h\u00fck\u00fcmetlere, e\u011fitim ve i\u015f liderlerine tan\u0131tm\u0131\u015ft\u0131r.\n<\/p>\n<div class=\"border-line\">&nbsp;<\/div>\n<strong> Brahmananda Saraswati Trust Y\u00f6netim kurulu ba\u015fkan\u0131 ve CEO (The Netherlands)<\/strong><\/p>\n<p><img loading=\"lazy\" decoding=\"async\" src=\"https:\/\/donation.vedicpandits.org\/wp-content\/uploads\/2020\/10\/harris_kaplan_4.jpg\" alt=\"\" width=\"125\" height=\"164\" class=\"alignleft size-full wp-image-359\" \/><\/p>\n<p><strong>Dr. Harris Kaplan, D.S.C.I <\/strong><\/p>\n<p style=\"margin-bottom:0px;\">1999 da ba\u015far\u0131l\u0131 yat\u0131r\u0131m fonu y\u00f6neticili\u011finden emekli olan Dr Kaplan Transandantal Meditasyon kurumunun d\u00fcnyan\u0131n her yan\u0131nda y\u00fcr\u00fctt\u00fc\u011f\u00fc programlara destek vermeye t\u00fcm  zaman\u0131n\u0131 adad\u0131. 2006 dan beri Hindistan\u2019daki Transandantal Meditasyon kurumunun projelerine ba\u015fkanl\u0131k yapt\u0131 ve bu g\u00f6revlerin biri de binlerce Maharishi Veda Panditinin e\u011fitimi ve desteklenmesi idi.  Ba\u015flad\u0131\u011f\u0131 g\u00fcnden itibaren BSF CEO su oldu ve Finans kurulunda da g\u00f6rev alarak  ba\u011f\u0131\u015flar\u0131 denetliyor. <\/p>\n<div class=\"border-line\">&nbsp;<\/div>\n<div class=\"grid-holder\">\n<div class=\"grid grid-desktop-50 grid-mobile-100\"><div class=\"holder\"><p><strong>BSF &#038; BST Executive Committee (Y\u00f6netim kurulu)<br \/>\n<\/strong><\/p>\n<ul>\n<li>Dr. Bevan Morris &#8211; E\u011fitimci<br \/>\n    Maharishi Vedic City, Iowa<\/p>\n<li>Harris Kaplan DSCI &#8211; Emekli Yat\u0131r\u0131m Fonu Y\u00f6neticisi<br \/>\n    Vlodrop, Netherlands<\/p>\n<li>John Hagelin. Ph.D. \u2013 Kuantum fizik\u00e7i: Global Union of Scientists for Peace, Ba\u015fkan\u0131;<br \/>\nMaharishi International University, Fairfield, IA, USA  Ba\u015fkan\u0131.<\/p>\n<li> Robert LoPinto &#8211; \u0130\u015finsan\u0131 ve y\u00f6netici<br \/>\n     Rockville, MD, USA<\/p>\n<li>Steve Rubin \u2013 \u0130\u015finsan\u0131 ve y\u00f6netici<br \/>\n    Sebastian, FL, USA\n<\/ul>\n<\/div><\/div>\n<div class=\"grid grid-desktop-50 grid-mobile-100\"><div class=\"holder\"><p><strong>BSF Board Members &#8211; Y\u00f6netim kurulu \u00fcyeleri<br \/>\n<\/strong><\/p>\n<ul>\n<li>Jose Luis Alvares \u2013 Y\u00f6netici<br \/>\n    Barcelona, Spain<\/p>\n<li>Antonio Bartolom\u00e9 \u2013 \u0130\u015finsan\u0131<br \/>\n    Banast\u00e1s, Huesca, Spain<\/p>\n<li>Dr. Leslie Brooks, M.A. \u2013 Y\u00f6netici<br \/>\n    Lincoln, MA, USA<\/p>\n<li>Howard Martin Chandler, Ph.D. \u2013 E\u011fitimci<br \/>\n    Boston, MA , USA<\/p>\n<li>Rafael David &#8211; \u0130\u015f giri\u015fimcisi<br \/>\nVero Beach, FL, USA<\/p>\n<li>Dr. Arlene Kaplan \u2013 Y\u00f6netici<br \/>\n    Vlodrop, The Netherlands<\/p>\n<li>Dr. Neil Paterson  &#8211; Y\u00f6netici<br \/>\n    Salt Spring Island, Canada<\/p>\n<li>Rainer Picha, M.D. \u2013 Kardiyolog ve ara\u015ft\u0131rmac\u0131<br \/>\n    Vienna, Austria<\/p>\n<li>Dr. Susie Swan  &#8211; Y\u00f6netici ve grafik sanat\u00e7\u0131s\u0131<br \/>\n    Netherlands and Cape Town, South Africa<\/p>\n<li>Maureen Wynne, J.D. \u2013 Avukat<br \/>\n    Maharishi Vedic City, IA, USA\n<\/ul>\n<\/div><\/div>\n<\/div>\n<p id=\"trinvestmentcommittee\">\n<div class=\"border-line\">&nbsp;<\/div>\n<strong>BSF &#038; BST Finans Kurulu<\/strong><br \/>\n<div class=\"grid-holder\">\n<div class=\"grid grid-desktop-50 grid-mobile-100\"><div class=\"holder\"><ul>\n<li>Harris Kaplan, D.S.C.I<br \/>\nEmekli Yat\u0131r\u0131m Fonu Y\u00f6neticisi<br \/>\nKurucu ve eski CEO of Eastgate Financial Services Ltd., USA<\/p>\n<li>Robert LoPinto<br \/>\nEmekli \u0130\u015finsan\u0131<br \/>\nRockville, MD, USA<\/p>\n<li>Jeffrey S. Abramson<br \/>\nGayr\u0131menkul geli\u015ftiricisi<br \/>\nOrtak, Tower Companies, USA<\/p>\n<li>Steve Rubin<br \/>\nEmekli i\u015f y\u00f6neticisi<br \/>\nEski ba\u015fkan ve CEO, United Fuels International Inc., USA\n<\/ul>\n<\/div><\/div>\n<div class=\"grid grid-desktop-50 grid-mobile-100\"><div class=\"holder\"><ul>\n<li>Eric Schwartz<br \/>\nYat\u0131r\u0131m dan\u0131\u015fman\u0131<br \/>\nKurucu ve CEO, Cambridge Investment Research, ABD<\/p>\n<li>Ted Hirsch<br \/>\nEkonomist ve portf\u00f6y y\u00f6neticisi<br \/>\nVanderbilt Financial Group, New York, ABD<\/p>\n<li>Michael Dreben<br \/>\nKurumsal Finansman ve \u0130\u015f Geli\u015ftirme Y\u00f6neticisi<br \/>\nCEO, Grenadier Management, LLC\n<\/ul>\n<\/div><\/div>\n<\/div>\n","protected":false},"excerpt":{"rendered":"<p>VAKIFLAR Hollanda\u2019daki Brahmananda Saraswati Trust (Vak\u0131f) ve ABD\u2019deki Brahmananda Saraswati Foundation (Vak\u0131f) Maharishi Veda Panditleri grubuna kaynak tahsisini d\u00fczenlemekte ve y\u00f6netmektedir. Bu kurulu\u015flar\u0131n amac\u0131 d\u00fcnya \u00e7ap\u0131nda kaynak olu\u015fturulmas\u0131, ba\u011f\u0131\u015flar\u0131n kabul\u00fc ve Ba\u011f\u0131\u015f Fonu yat\u0131r\u0131mlar\u0131n\u0131n y\u00f6netilmesidir. Her iki vak\u0131f da, projenin hedefine ula\u015fmas\u0131 i\u00e7in Hindistan\u2019daki y\u00f6netime yap\u0131lan b\u00fct\u00fcn \u00f6demeleri y\u00f6nlendirir ve kontrol eder. Bu vak\u0131flar, d\u00fcnyan\u0131n [&hellip;]<\/p>\n","protected":false},"author":3,"featured_media":59333,"parent":0,"menu_order":0,"comment_status":"open","ping_status":"closed","template":"template-about.php","meta":{"om_disable_all_campaigns":false,"_monsterinsights_skip_tracking":false,"_monsterinsights_sitenote_active":false,"_monsterinsights_sitenote_note":"","_monsterinsights_sitenote_category":0,"footnotes":""},"class_list":["post-3511","page","type-page","status-publish","has-post-thumbnail","hentry"],"_links":{"self":[{"href":"https:\/\/donation.vedicpandits.org\/tr\/wp-json\/wp\/v2\/pages\/3511","targetHints":{"allow":["GET"]}}],"collection":[{"href":"https:\/\/donation.vedicpandits.org\/tr\/wp-json\/wp\/v2\/pages"}],"about":[{"href":"https:\/\/donation.vedicpandits.org\/tr\/wp-json\/wp\/v2\/types\/page"}],"author":[{"embeddable":true,"href":"https:\/\/donation.vedicpandits.org\/tr\/wp-json\/wp\/v2\/users\/3"}],"replies":[{"embeddable":true,"href":"https:\/\/donation.vedicpandits.org\/tr\/wp-json\/wp\/v2\/comments?post=3511"}],"version-history":[{"count":11,"href":"https:\/\/donation.vedicpandits.org\/tr\/wp-json\/wp\/v2\/pages\/3511\/revisions"}],"predecessor-version":[{"id":78061,"href":"https:\/\/donation.vedicpandits.org\/tr\/wp-json\/wp\/v2\/pages\/3511\/revisions\/78061"}],"wp:featuredmedia":[{"embeddable":true,"href":"https:\/\/donation.vedicpandits.org\/tr\/wp-json\/wp\/v2\/media\/59333"}],"wp:attachment":[{"href":"https:\/\/donation.vedicpandits.org\/tr\/wp-json\/wp\/v2\/media?parent=3511"}],"curies":[{"name":"wp","href":"https:\/\/api.w.org\/{rel}","templated":true}]}}