{"id":3544,"date":"2014-04-08T07:40:21","date_gmt":"2014-04-08T07:40:21","guid":{"rendered":"https:\/\/vedicpandits.org\/?page_id=3544"},"modified":"2016-01-11T10:20:57","modified_gmt":"2016-01-11T10:20:57","slug":"events","status":"publish","type":"page","link":"https:\/\/donation.vedicpandits.org\/tr\/contact\/events\/","title":{"rendered":"ETK\u0130NL\u0130KLER"},"content":{"rendered":"<h4>YERLE\u015eKELER\u0130M\u0130Z D\u00dcNYANIN HER K\u00d6\u015eES\u0130NDEN M\u0130SAF\u0130R A\u011eIRLADI. <\/h4>\n<p>Binlerce ki\u015fi, daha \u015fimdiden bu \u00fc\u00e7 ana yerle\u015fkedeki etkinliklere, kurslara ve \u00f6zel gezilere kat\u0131larak bu f\u0131rsattan yararland\u0131lar.<br \/>\nSizleri de bu merkezlerin birinde veya hepsinde g\u00f6rmek bizi son derece mutlu eder. Bar\u0131\u015f yaratan b\u00fcy\u00fck gruplar\u0131n yak\u0131n\u0131nda yer alan merkezlerdeki etkinliklere kat\u0131larak derin sessizli\u011fin deneyimini ya\u015fayabilir ve Maharishi Veda Panditlerinin Vedalar\u0131 ezbere okuyu\u015flar\u0131n\u0131 canl\u0131 olarak keyifle dinleyebilirsiniz.<\/p>\n","protected":false},"excerpt":{"rendered":"<p>YERLE\u015eKELER\u0130M\u0130Z D\u00dcNYANIN HER K\u00d6\u015eES\u0130NDEN M\u0130SAF\u0130R A\u011eIRLADI. Binlerce ki\u015fi, daha \u015fimdiden bu \u00fc\u00e7 ana yerle\u015fkedeki etkinliklere, kurslara ve \u00f6zel gezilere kat\u0131larak bu f\u0131rsattan yararland\u0131lar. Sizleri de bu merkezlerin birinde veya hepsinde g\u00f6rmek bizi son derece mutlu eder. Bar\u0131\u015f yaratan b\u00fcy\u00fck gruplar\u0131n yak\u0131n\u0131nda yer alan merkezlerdeki etkinliklere kat\u0131larak derin sessizli\u011fin deneyimini ya\u015fayabilir ve Maharishi Veda Panditlerinin Vedalar\u0131 [&hellip;]<\/p>\n","protected":false},"author":3,"featured_media":57,"parent":3540,"menu_order":0,"comment_status":"open","ping_status":"closed","template":"template-events.php","meta":{"om_disable_all_campaigns":false,"_monsterinsights_skip_tracking":false,"_monsterinsights_sitenote_active":false,"_monsterinsights_sitenote_note":"","_monsterinsights_sitenote_category":0,"footnotes":""},"class_list":["post-3544","page","type-page","status-publish","has-post-thumbnail","hentry"],"_links":{"self":[{"href":"https:\/\/donation.vedicpandits.org\/tr\/wp-json\/wp\/v2\/pages\/3544","targetHints":{"allow":["GET"]}}],"collection":[{"href":"https:\/\/donation.vedicpandits.org\/tr\/wp-json\/wp\/v2\/pages"}],"about":[{"href":"https:\/\/donation.vedicpandits.org\/tr\/wp-json\/wp\/v2\/types\/page"}],"author":[{"embeddable":true,"href":"https:\/\/donation.vedicpandits.org\/tr\/wp-json\/wp\/v2\/users\/3"}],"replies":[{"embeddable":true,"href":"https:\/\/donation.vedicpandits.org\/tr\/wp-json\/wp\/v2\/comments?post=3544"}],"version-history":[{"count":4,"href":"https:\/\/donation.vedicpandits.org\/tr\/wp-json\/wp\/v2\/pages\/3544\/revisions"}],"predecessor-version":[{"id":7869,"href":"https:\/\/donation.vedicpandits.org\/tr\/wp-json\/wp\/v2\/pages\/3544\/revisions\/7869"}],"up":[{"embeddable":true,"href":"https:\/\/donation.vedicpandits.org\/tr\/wp-json\/wp\/v2\/pages\/3540"}],"wp:featuredmedia":[{"embeddable":true,"href":"https:\/\/donation.vedicpandits.org\/tr\/wp-json\/wp\/v2\/media\/57"}],"wp:attachment":[{"href":"https:\/\/donation.vedicpandits.org\/tr\/wp-json\/wp\/v2\/media?parent=3544"}],"curies":[{"name":"wp","href":"https:\/\/api.w.org\/{rel}","templated":true}]}}