{"id":3554,"date":"2014-04-08T11:28:21","date_gmt":"2014-04-08T11:28:21","guid":{"rendered":"https:\/\/vedicpandits.org\/?page_id=3554"},"modified":"2021-06-29T19:37:11","modified_gmt":"2021-06-29T19:37:11","slug":"newsletter","status":"publish","type":"page","link":"https:\/\/donation.vedicpandits.org\/tr\/contact\/newsletter\/","title":{"rendered":"Newsletter"},"content":{"rendered":"<h4>G\u00dcNCEL HABERLER D\u00dcZENL\u0130 OLARAK S\u0130ZE ULA\u015eSIN \u0130STER M\u0130S\u0130N\u0130Z?<\/h4>\n<p>Hindistan\u2019\u0131n Brahmasthan\u2019\u0131ndaki Maharishi Veda Panditleri projemiz ile ilgili geli\u015fmeleri size her ay d\u00fczenli olarak iletmekten mutluluk duyar\u0131z. Brahmananda Saraswati Foundation ve Brahmananda Saraswati Trust vak\u0131flar\u0131n\u0131n Y\u00f6netim Kurulu Ba\u015fkan\u0131 Raja Harris Kaplan taraf\u0131ndan g\u00f6nderilen bu e-posta duyurular\u0131 ile en son haber ve geli\u015fmeleri takip edebilirsiniz.<\/p>\n<blockquote><p>Elektronik ortamda bilgilerin gizlili\u011finin korunmas\u0131 ilkesi nedeniyle hi\u00e7bir ko\u015fulda bilgileriniz \u00fc\u00e7\u00fcnc\u00fc \u015fah\u0131slarla payla\u015f\u0131lmaz. <a  href=\"https:\/\/donation.vedicpandits.org\/privacy\/\">Bilginin gizlili\u011fi ilkelerimizi daha ayr\u0131nt\u0131l\u0131 incelemek i\u00e7in l\u00fctfen buraya t\u0131klay\u0131n.<br \/>\n<\/a><\/p><\/blockquote>\n<p style=\"text-align: center\"><a href=\"#form-newsletter\" class=\"btn btn-large btn-pop-up\">&gt; \u00dcYE OLUN<\/a><\/p>\n<h4><\/h4>\n","protected":false},"excerpt":{"rendered":"<p>G\u00dcNCEL HABERLER D\u00dcZENL\u0130 OLARAK S\u0130ZE ULA\u015eSIN \u0130STER M\u0130S\u0130N\u0130Z? Hindistan\u2019\u0131n Brahmasthan\u2019\u0131ndaki Maharishi Veda Panditleri projemiz ile ilgili geli\u015fmeleri size her ay d\u00fczenli olarak iletmekten mutluluk duyar\u0131z. Brahmananda Saraswati Foundation ve Brahmananda Saraswati Trust vak\u0131flar\u0131n\u0131n Y\u00f6netim Kurulu Ba\u015fkan\u0131 Raja Harris Kaplan taraf\u0131ndan g\u00f6nderilen bu e-posta duyurular\u0131 ile en son haber ve geli\u015fmeleri takip edebilirsiniz. Elektronik ortamda bilgilerin [&hellip;]<\/p>\n","protected":false},"author":3,"featured_media":17514,"parent":3540,"menu_order":1,"comment_status":"open","ping_status":"closed","template":"template-newsletter.php","meta":{"om_disable_all_campaigns":false,"_monsterinsights_skip_tracking":false,"_monsterinsights_sitenote_active":false,"_monsterinsights_sitenote_note":"","_monsterinsights_sitenote_category":0,"footnotes":""},"class_list":["post-3554","page","type-page","status-publish","has-post-thumbnail","hentry"],"_links":{"self":[{"href":"https:\/\/donation.vedicpandits.org\/tr\/wp-json\/wp\/v2\/pages\/3554","targetHints":{"allow":["GET"]}}],"collection":[{"href":"https:\/\/donation.vedicpandits.org\/tr\/wp-json\/wp\/v2\/pages"}],"about":[{"href":"https:\/\/donation.vedicpandits.org\/tr\/wp-json\/wp\/v2\/types\/page"}],"author":[{"embeddable":true,"href":"https:\/\/donation.vedicpandits.org\/tr\/wp-json\/wp\/v2\/users\/3"}],"replies":[{"embeddable":true,"href":"https:\/\/donation.vedicpandits.org\/tr\/wp-json\/wp\/v2\/comments?post=3554"}],"version-history":[{"count":55,"href":"https:\/\/donation.vedicpandits.org\/tr\/wp-json\/wp\/v2\/pages\/3554\/revisions"}],"predecessor-version":[{"id":54148,"href":"https:\/\/donation.vedicpandits.org\/tr\/wp-json\/wp\/v2\/pages\/3554\/revisions\/54148"}],"up":[{"embeddable":true,"href":"https:\/\/donation.vedicpandits.org\/tr\/wp-json\/wp\/v2\/pages\/3540"}],"wp:featuredmedia":[{"embeddable":true,"href":"https:\/\/donation.vedicpandits.org\/tr\/wp-json\/wp\/v2\/media\/17514"}],"wp:attachment":[{"href":"https:\/\/donation.vedicpandits.org\/tr\/wp-json\/wp\/v2\/media?parent=3554"}],"curies":[{"name":"wp","href":"https:\/\/api.w.org\/{rel}","templated":true}]}}