{"id":3558,"date":"2014-04-10T12:36:56","date_gmt":"2014-04-10T12:36:56","guid":{"rendered":"https:\/\/vedicpandits.org\/?page_id=3558"},"modified":"2023-06-14T19:00:06","modified_gmt":"2023-06-14T19:00:06","slug":"faq","status":"publish","type":"page","link":"https:\/\/donation.vedicpandits.org\/tr\/contact\/faq\/","title":{"rendered":"SSS"},"content":{"rendered":"<h5>MAHARISHI VEDA PAND\u0130TLER\u0130 HAKKINDA<\/h5>\n<p><em>GRUP NEDEN SADECE MAHARISHI VEDA PAND\u0130TLER\u0130NDEN OLU\u015eUYOR?<\/em><br \/>\nBilimsel ara\u015ft\u0131rmalar\u0131n da g\u00f6sterdi\u011fi gibi Yoga U\u00e7u\u015fu tekni\u011fi uyguland\u0131\u011f\u0131nda grubu olu\u015fturan ki\u015filer hangi kesimden olursa olsun \u00e7ok g\u00fc\u00e7l\u00fc bir bar\u0131\u015f etkisi yarat\u0131l\u0131r. Fakat asl\u0131nda toplumda uyumun sa\u011flanmas\u0131 Maharishi Veda Panditlerinin geleneksel u\u011fra\u015f\u0131s\u0131 olagelmi\u015ftir. Maharishi Veda Panditleri bar\u0131\u015f\u0131 yaln\u0131zca Yoga U\u00e7u\u015fu teknikleri ile de\u011fil Yagya uygulamalar\u0131 ile de sa\u011flarlar. Her g\u00fcn uygulanan Yagyalarla g\u00fc\u00e7l\u00fc ve kal\u0131c\u0131 bar\u0131\u015f etkisinin yarat\u0131lmas\u0131 sadece Maharishi Veda Panditlerine \u00f6zg\u00fcd\u00fcr.<\/p>\n<p><em>VEDA PAND\u0130TLER\u0130 \u0130LE MAHARISHI VEDA PAND\u0130TLER\u0130N\u0130 AYIRAN \u015eEY NED\u0130R?  <\/em><br \/>\nMaharishi Veda Panditlerinin Transandantal Meditasyon ve Yoga U\u00e7u\u015fu da dahil TM-Sidhi tekniklerini uygulamalar\u0131 \u00e7ok \u00f6nemlidir. \u00e7\u00fcnk\u00fc bu teknikler Veda bilgisinin tamam\u0131n\u0131n temelindeki A\u015fk\u0131n saf bilincin do\u011frudan deneyimini kazand\u0131r\u0131r. <\/p>\n<p>Maharishi Veda Panditleri g\u00fcnl\u00fck meditasyonlar sayesinde Yagyalar\u0131 bilincin yerle\u015fik d\u00fczeyinden uygularlar. Do\u011fa yasalar\u0131n\u0131 daha derin seviyelerden canland\u0131rabildikleri i\u00e7in Yagyalar\u0131n etkileri daha g\u00fc\u00e7l\u00fc etkileri olur. <\/p>\n<p>Maharishi ayr\u0131ca Veda Panditlerinin e\u011fitimi ile ilgili \u00e7ok sayg\u0131n Pandit \u00fcstatlari ile birlikte y\u0131llarca \u00e7al\u0131\u015fmalar\u0131n\u0131 s\u00fcrd\u00fcrd\u00fc. B\u00f6ylece Panditler tam etkili olabilmek i\u00e7in en do\u011fru uygulamay\u0131 ve telaffuzu \u00f6\u011frenmi\u015f oldular. Misafirler \u00e7o\u011fu kez Maharishi Veda Panditlerinin Vedalar\u0131 ne kadar yava\u015f ve yumu\u015fak s\u00f6ylediklerinden s\u00f6z ederler. Bu \u015fekilde, Veda sesleri \u00e7evrede yank\u0131lan\u0131\u015flar\u0131nda \u00e7ok \u00f6nemli olan bir b\u00fct\u00fcnl\u00fck kazanmaktad\u0131r. <\/p>\n<p><em>\u015eU ANDA MAHARISHI VEDA PAND\u0130TLER\u0130N\u0130N SAYISI NED\u0130R?<\/em><br \/>\nHindistan\u2019\u0131n Brahmasthan\u2019\u0131ndaki yerle\u015fkede yakla\u015f\u0131k 2,000 Maharishi Veda Panditi bulunmaktad\u0131r. Hindistan\u2019a yay\u0131lm\u0131\u015f 26 yat\u0131l\u0131 e\u011fitim merkezinde 3,000 ileri d\u00fczey Pandit \u00f6\u011frenci \u00f6\u011frenimlerine devam etmektedir. <\/p>\n<p><em>VEDA NED\u0130R?<\/em><br \/>\nVeda bilgi demektir. Maharishi, Veda\u2019y\u0131, t\u00fcm yarat\u0131l\u0131\u015f\u0131n alt\u0131nda yatan ve onu y\u00f6neten bilgi ve d\u00fczenleme g\u00fcc\u00fc olarak a\u00e7\u0131klam\u0131\u015ft\u0131r. Veda insan\u0131n en \u00fcst seviye olan ayd\u0131nlanmay\u0131 ya\u015famak i\u00e7in nas\u0131l bir ya\u015fam s\u00fcrmesi gerekti\u011fi bilgisini i\u00e7erir.<\/p>\n<p><em>YOGA U\u00c7U\u015eU NED\u0130R? <\/em><br \/>\nYoga U\u00e7u\u015fu ileri TM-Sidhi tekni\u011finin bir par\u00e7as\u0131d\u0131r. Birey i\u00e7in Yoga U\u00e7u\u015fu, derin meditasyon s\u0131ras\u0131nda beyinde olu\u015fan sessiz uyum ile eylem alan\u0131n\u0131n b\u00fct\u00fcnle\u015fmesidir. Bu \u00f6zellik, ki\u015finin y\u00fcksek bilin\u00e7 durumlar\u0131n\u0131 geli\u015ftirmesine yard\u0131mc\u0131 olur. Toplum i\u00e7in \u00f6nemi ise Yoga U\u00e7u\u015fu grup halinde uyguland\u0131\u011f\u0131nda \u00e7evredeki n\u00fcfusa uyum ve ahenk etkisinin yay\u0131lmas\u0131d\u0131r; Yoga U\u00e7u\u015funun grup etkisi K\u00fcresel Bar\u0131\u015f Giri\u015fimi\u2019nin temelini olu\u015fturmaktad\u0131r. <\/p>\n<p><em>MAHARISHI VEDA PAND\u0130TLER\u0130N\u0130N FAALIYETLER\u0130 NELERD\u0130R?<\/em><br \/>\nMaharishi taraf\u0131ndan olu\u015fturulan Maharishi Veda Panditlerinin g\u00fcnl\u00fck program\u0131, erken kalkmak, grup halinde meditasyon ve grup u\u00e7u\u015funu yapmak, Maharishi Yagya uygulamalar\u0131n\u0131 yapmak, birlikte yemek ve dinlenmek.<\/p>\n<p><em>NEDEN H\u0130ND\u0130STAN\u2019IN BRAHMASTHAN\u2019I?<\/em><br \/>\nBrahmasthan bir ya\u015fam alan\u0131n\u0131n, \u00f6rne\u011fin bir evin, kasaban\u0131n veya bir \u00fclkenin co\u011frafi merkezidir. Maharishi\u2019ye g\u00f6re Yoga U\u00e7u\u015fu yapan grubun \u00fclkenin Brahmastan\u2019\u0131na yerle\u015ftirilmesi bar\u0131\u015f i\u00e7in en etkili sonucu do\u011furacakt\u0131r. Bu nedenle Maharishi Veda Panditlerinin ya\u015fad\u0131\u011f\u0131 ana yerle\u015fke, Madhya Pradesh\u2019de Jabalpur yak\u0131nlar\u0131nda yer alan Hindistan\u2019\u0131n Brahmasthan\u2019\u0131ndad\u0131r. <\/p>\n<p><em>9,000 MAHARISHI VEDA PAND\u0130T\u0130 HEDEF\u0130NE ULA\u015eILINCA NE OLACAK?<\/em><br \/>\nBunu kutlayaca\u011f\u0131z. D\u00fcnya i\u00e7in bar\u0131\u015f dolu yeni bir d\u00f6nem ba\u015flam\u0131\u015f olacak. Daha fazla ilerleme her zaman m\u00fcmk\u00fcn oldu\u011fundan d\u00fcnya \u00e7ap\u0131nda daha fazla bar\u0131\u015f ve huzur etkisi yarat\u0131lmas\u0131 i\u00e7in her iki vak\u0131f da grup halinde Yoga U\u00e7u\u015fu yapan ve Yagya uygulayan Pandit say\u0131s\u0131n\u0131 Hindistan\u2019da art\u0131rmaya devam edecektir. <\/p>\n<p><em>PAND\u0130T GRUBUYLA \u0130LG\u0130L\u0130 GEL\u0130\u015eMELER\u0130 NASIL \u00d6\u011eRENEB\u0130L\u0130R\u0130M?<\/em><br \/>\nEn kolay\u0131 \u00fccretsiz e-posta ile g\u00f6nderilen duyurular\u0131m\u0131za \u00fcye olman\u0131z. Her ay Brahmananda Saraswati Trust vakf\u0131n\u0131n Y\u00f6netim Kurulu Ba\u015fkan\u0131 Dr. Harris Kaplan taraf\u0131ndan \u00fcyelere bir sayfal\u0131k bir e-posta duyuru g\u00f6nderilmektedir. E\u011fer bu web sayfas\u0131ndan (VedicPandits.org) ba\u011f\u0131\u015f yaparsan\u0131z bu duyurular\u0131 zaten do\u011frudan almaya ba\u015flars\u0131n\u0131z. <\/p>\n<p>Ayn\u0131 zamanda kendi \u00fclkenizin \u2018D\u00fcnya Bar\u0131\u015f\u0131 Temsilcisi\u2019 ile irtibat kurabilirsiniz ve kendi \u00fclkenizdeki geli\u015fmeler hakk\u0131nda bilgi alabilirsiniz. <\/p>\n<p><em>TEK B\u0130R MAHARISHI VEDA PAND\u0130T\u0130N\u0130 DESTEKLEYEB\u0130L\u0130R M\u0130Y\u0130M?<\/em><br \/>\nHerkesi ayl\u0131k ba\u011f\u0131\u015f program\u0131na dahil olmaya davet ediyoruz. Tek bir Pandit\u2019e destek verebilece\u011finiz gibi o miktar\u0131n belirli bir k\u0131sm\u0131n\u0131 da kar\u015f\u0131layabilirsiniz. Tek bir Maharishi Veda Panditini desteklemek i\u00e7in ayda 250 dolar katk\u0131da bulunmak gerekir. Bu miktar, onlar\u0131n yemek, yatak, har\u00e7l\u0131k, di\u011fer ufak tefek harcamalar\u0131n\u0131, idari masraflar\u0131n\u0131 ve Yagya malzemelerini kapsamaktad\u0131r. Panditlerin dikkatlerini tamamen g\u00fcnl\u00fck sorumluluklar\u0131na vermeleri i\u00e7in ba\u011f\u0131\u015f\u00e7\u0131 ile Pandit aras\u0131nda birebir ili\u015fki kurulmamaktad\u0131r.<\/p>\n<h5>BA\u011eI\u015eLAR VE F\u0130NANSMAN HAKKINDA<\/h5>\n<p><em>MAHARISHI ULUSAL YAGYA \u0130\u00c7\u0130N BA\u011eI\u015e YAPMAKLA, MAHARISHI VEDA PAND\u0130TLER\u0130 \u0130\u00c7\u0130N BA\u011eI\u015e YAPMAK ARASINDA NE FARK VARDIR?<br \/>\n<\/em><br \/>\nMaharishi Veda Panditlerini destekleyen b\u00fct\u00fcn ba\u011f\u0131\u015flar do\u011frudan Ulusal Yagya i\u00e7in yap\u0131lm\u0131\u015f say\u0131l\u0131r. <\/p>\n<p><em>BA\u011eI\u015eIM VERG\u0130DEN D\u00dc\u015e\u00dcLEB\u0130L\u0130R M\u0130?<\/em><br \/>\nAvrupa Birli\u011fi\u2019nde Ba\u011f\u0131\u015f yapanlar i\u00e7in: Hollanda\u2019da Brahmananda Saraswati Trust Kamu Yarar\u0131na bir vak\u0131ft\u0131r (ANBI). Vak\u0131f i\u00e7in yap\u0131lan ba\u011f\u0131\u015flar Hollanda\u2019da ve di\u011fer AB \u00fclkelerinde vergiden d\u00fc\u015f\u00fclebilir. Yaln\u0131z baz\u0131 AB \u00fclkeleri yurtd\u0131\u015f\u0131ndaki kurumlara yap\u0131lan ba\u011f\u0131\u015flar\u0131n vergiden d\u00fc\u015f\u00fclmesi imkan\u0131n\u0131 tan\u0131mamaktad\u0131r. Bu y\u00fczden Hollanda d\u0131\u015f\u0131ndaki \u00fclkeler i\u00e7in l\u00fctfen kendi Temsilcinize dan\u0131\u015f\u0131n\u0131z. <\/p>\n<p>ABD\u2019deki Ba\u011f\u0131\u015f\u00e7\u0131lar i\u00e7in: Brahmananda Saraswati Foundation (ABD) 501(c)(3) ) t\u00fcr\u00fcnde bir kurulu\u015ftur  ve bu vakfa yap\u0131lan ba\u011f\u0131\u015flar ABD\u2019deki vergi m\u00fckellefleri taraf\u0131ndan vergiden d\u00fc\u015f\u00fclebilir. <\/p>\n<p>Di\u011fer \u00fclkeler i\u00e7in: Baz\u0131 ulusal yard\u0131m kurulu\u015flar\u0131 i\u00e7in Maharishi Veda Panditlerine yap\u0131lan ba\u011f\u0131\u015flar vergiden d\u00fc\u015f\u00fclebilir. Bu kurulu\u015flar Birle\u015fik Krall\u0131k, Kanada ve Yeni Zelanda\u2019dad\u0131r. Ba\u011f\u0131\u015flarla ile ilgili olarak cevab\u0131 bu sitede bulamad\u0131\u011f\u0131n\u0131z sorular\u0131n\u0131z olursa her zaman TM Merkezi\u2019nize dan\u0131\u015fabilirsiniz. \u00fclkeniz yukar\u0131daki vergi kolayl\u0131\u011f\u0131 sa\u011flayan \u00fclkeler aras\u0131nda yer almasa da d\u00fcnyan\u0131n herhangi bir \u00fclkesinde bu web sitesi \u00fczerinden Brahmananda Saraswati Trust veya Brahmananda Saraswati Foundation\u2019a ba\u011f\u0131\u015fta bulunarak Maharishi Veda Panditlerini destekleyebilirsiniz.<\/p>\n<p><em>HER AY D\u00dcZENL\u0130 BA\u011eI\u015e YAPMAK NEDEN O KADAR \u00d6NEML\u0130?<\/em><br \/>\nTek seferlik ba\u011f\u0131\u015flar her zaman kabul\u00fcm\u00fczd\u00fcr ve her zaman de\u011ferlidir. Bununla beraber Maharishi Veda Panditleri, Brahmasthan\u2019daki yerle\u015fkeye uzun s\u00fcreli bir \u00e7al\u0131\u015fma i\u00e7in geldiklerinden onlara deste\u011fin s\u00fcrekli olaca\u011f\u0131n\u0131n g\u00fcvencesini vermek istiyoruz. Bu nedenle destek\u00e7ilerimizi ayl\u0131k ba\u011f\u0131\u015f program\u0131na kat\u0131lmaya ve 9,000 ki\u015filik grubun dayanaca\u011f\u0131 temelin bir par\u00e7as\u0131 olmaya davet ediyoruz.<\/p>\n<p><em>BA\u011eI\u015eIMIN Y\u00dcZDE KA\u00c7I VEDA PAND\u0130TLER\u0130N\u0130 DESTEKLEMEYE G\u0130D\u0130YOR?<\/em><br \/>\nD\u00fczenli ba\u011f\u0131\u015flar\u0131n %90\u2019\u0131ndan fazlas\u0131 Hindistan\u2019daki Maharishi Veda Panditlerini desteklemek i\u00e7in kullan\u0131l\u0131yor. %10\u2019dan daha az olan k\u0131sm\u0131 ise kredi kart\u0131 masraflar\u0131n\u0131, banka transfer \u00fccretlerini ve idari masraflar\u0131 kar\u015f\u0131lamak i\u00e7in kullan\u0131l\u0131yor. Kaynak bulmaya y\u00f6nelik cal\u0131\u015fmalarda %10\u2019nun alt\u0131ndaki bir oran olduk\u00e7a d\u00fc\u015f\u00fck bir oran olarak kabul edilir. <\/p>\n<p><em>KA\u00c7 \u00dcLKE MAHARISHI VEDA PAND\u0130TLER\u0130NE BA\u011eI\u015e YAPMAKTA?<\/em><br \/>\nMaharishi Veda Panditlerini 100\u2019den \u00fclke desteklemektedir.<\/p>\n<p><em>VAKIF FONU NASIL Y\u00d6NETILIR?<\/em><br \/>\nBa\u011f\u0131\u015f Fonu\u2019na gelen yeni katk\u0131lar do\u011frudan Hindistan\u2019daki Maharishi Veda Panditlerine gitmemekte; bu ba\u011f\u0131\u015flarla yat\u0131r\u0131m yap\u0131lmaktad\u0131r. Ba\u011f\u0131\u015f Fonunun t\u00fckenmemesi i\u00e7in Panditler sadece yat\u0131r\u0131mlardan gelen gelirle desteklenmektedir. BSF ve BST Yat\u0131r\u0131m Komitesi, farkl\u0131 i\u015fletmelerden ve finans kurulu\u015flar\u0131ndan bir grup deneyimli y\u00f6netici taraf\u0131ndan y\u00f6netilmektedir. <a href=\"https:\/\/donation.vedicpandits.org\/tr\/about-us\/#trinvestmentcommittee\" rel=\"noopener\" target=\"_blank\">Yat\u0131r\u0131m Komitesini g\u00f6rmek i\u00e7in t\u0131klay\u0131n\u0131z.<\/a><\/p>\n","protected":false},"excerpt":{"rendered":"<p>MAHARISHI VEDA PAND\u0130TLER\u0130 HAKKINDA GRUP NEDEN SADECE MAHARISHI VEDA PAND\u0130TLER\u0130NDEN OLU\u015eUYOR? Bilimsel ara\u015ft\u0131rmalar\u0131n da g\u00f6sterdi\u011fi gibi Yoga U\u00e7u\u015fu tekni\u011fi uyguland\u0131\u011f\u0131nda grubu olu\u015fturan ki\u015filer hangi kesimden olursa olsun \u00e7ok g\u00fc\u00e7l\u00fc bir bar\u0131\u015f etkisi yarat\u0131l\u0131r. Fakat asl\u0131nda toplumda uyumun sa\u011flanmas\u0131 Maharishi Veda Panditlerinin geleneksel u\u011fra\u015f\u0131s\u0131 olagelmi\u015ftir. Maharishi Veda Panditleri bar\u0131\u015f\u0131 yaln\u0131zca Yoga U\u00e7u\u015fu teknikleri ile de\u011fil Yagya [&hellip;]<\/p>\n","protected":false},"author":3,"featured_media":165,"parent":3540,"menu_order":0,"comment_status":"open","ping_status":"closed","template":"","meta":{"om_disable_all_campaigns":false,"_monsterinsights_skip_tracking":false,"_monsterinsights_sitenote_active":false,"_monsterinsights_sitenote_note":"","_monsterinsights_sitenote_category":0,"footnotes":""},"class_list":["post-3558","page","type-page","status-publish","has-post-thumbnail","hentry"],"_links":{"self":[{"href":"https:\/\/donation.vedicpandits.org\/tr\/wp-json\/wp\/v2\/pages\/3558","targetHints":{"allow":["GET"]}}],"collection":[{"href":"https:\/\/donation.vedicpandits.org\/tr\/wp-json\/wp\/v2\/pages"}],"about":[{"href":"https:\/\/donation.vedicpandits.org\/tr\/wp-json\/wp\/v2\/types\/page"}],"author":[{"embeddable":true,"href":"https:\/\/donation.vedicpandits.org\/tr\/wp-json\/wp\/v2\/users\/3"}],"replies":[{"embeddable":true,"href":"https:\/\/donation.vedicpandits.org\/tr\/wp-json\/wp\/v2\/comments?post=3558"}],"version-history":[{"count":17,"href":"https:\/\/donation.vedicpandits.org\/tr\/wp-json\/wp\/v2\/pages\/3558\/revisions"}],"predecessor-version":[{"id":78060,"href":"https:\/\/donation.vedicpandits.org\/tr\/wp-json\/wp\/v2\/pages\/3558\/revisions\/78060"}],"up":[{"embeddable":true,"href":"https:\/\/donation.vedicpandits.org\/tr\/wp-json\/wp\/v2\/pages\/3540"}],"wp:featuredmedia":[{"embeddable":true,"href":"https:\/\/donation.vedicpandits.org\/tr\/wp-json\/wp\/v2\/media\/165"}],"wp:attachment":[{"href":"https:\/\/donation.vedicpandits.org\/tr\/wp-json\/wp\/v2\/media?parent=3558"}],"curies":[{"name":"wp","href":"https:\/\/api.w.org\/{rel}","templated":true}]}}