{"id":3562,"date":"2015-01-15T14:34:07","date_gmt":"2015-01-15T14:34:07","guid":{"rendered":"https:\/\/vedicpandits.org\/?page_id=3562"},"modified":"2016-05-14T13:48:54","modified_gmt":"2016-05-14T13:48:54","slug":"testimonials","status":"publish","type":"page","link":"https:\/\/donation.vedicpandits.org\/tr\/testimonials\/","title":{"rendered":"DENEY\u0130MLER"},"content":{"rendered":"<h4 id=\"testimonials\">ULUSAL YAGYALARIN ETK\u0130LER\u0130YLE \u0130LG\u0130L\u0130 \u0130LK ELDEN B\u0130LG\u0130LER<\/h4>\n<p style=\"text-align: left;\"> Ulusal Yagya s\u0131ras\u0131nda \u00fclkeniz deste\u011finizden yararlan\u0131rken \u201cNe ekersen onu bi\u00e7ersin\u201d s\u00f6z\u00fcnde oldu\u011fu gibi bu etki bir yurtta\u015f olarak size de yans\u0131r. \u00c7ok eski d\u00f6nemlere uzanan Veda Gelene\u011fi\u2019nde Yagya\u2019dan \u00f6ncelikle yarar g\u00f6renlerin Yagyalar\u0131n destek\u00e7ileri oldu\u011fu s\u00f6ylenir.<br \/>\nA\u015fa\u011f\u0131da Ulusal Yagyalar\u0131 desteklemi\u015f ki\u015filerin deneyimlerini okuyabilirsiniz.<\/p>\n<div class=\"box-quote\">\n<p><strong>Daha az sorun ve daha fazla i\u00e7 mutluluk<\/strong> <br \/>\u201cUlusal Yagya\u2019ya katk\u0131da bulundu\u011fumda verdi\u011fim derslerin diren\u00e7le kar\u015f\u0131la\u015fmadan akmakta oldu\u011funu g\u00f6rd\u00fcm. Ders anlat\u0131rken daha az diren\u00e7 ile kar\u015f\u0131la\u015ft\u0131m ve daha fazla i\u00e7 mutluluk deneyimledim. Bu d\u00f6nemde ki\u015fisel ili\u015fkilerim zenginle\u015fti. Ulusal Yagyalar ya\u015famdaki t\u00fcm faaliyet alanlar\u0131n\u0131 destekliyor; kesinlikle herkese \u00f6neriyorum.\u201d  \u2013 Norve\u00e7<\/p>\n<p><strong>Hayat bana o kadar c\u00f6mertti ki <\/strong><br \/> \u201cUlusal Yagyalara binlerce kez te\u015fekk\u00fcrler! 1947\u2019den beri Tayvan\u2019daki en sakin A\u011fustos ay\u0131n\u0131 ge\u00e7irdik. A\u011fustos 2014\u2019te bir kez bile tayfun olmad\u0131. Bu, meteoroloji uzmanlar\u0131 i\u00e7in inan\u0131lmayacak bir durumdu! Ya\u015fam bana o kadar c\u00f6mert davran\u0131yordu ki yapt\u0131\u011f\u0131m her \u015feyden keyif al\u0131yordum. Tayvan i\u00e7in yapt\u0131\u011f\u0131m\u0131z Ulusal Yagyalar\u0131n hakk\u0131n\u0131 teslim etmek laz\u0131m. Benim i\u00e7in her \u015fey \u00e7ok kolay bir hale geldi. Sadece ya\u015fam\u0131m\u0131n ak\u0131\u015f\u0131na kendimi b\u0131rakm\u0131\u015ft\u0131m; yapmak istedi\u011fim her \u015feyi birer birer ve m\u00fckemmel bir s\u0131ra i\u00e7inde ba\u015far\u0131yordum; yeni f\u0131rsatlar beliriyordu ve giderek daha iyi gelirim oldu.\u201d  \u2013 Tayvan<\/p>\n<p><strong>Korundu\u011fumu hissettim <\/strong><br \/> \u201cBrahmasthan\u2019daki Maharishi Veda Panditleri grubuna derin bir \u015fekilde ba\u011fl\u0131 oldu\u011fumu deneyimledim; korundu\u011fumu, zor zamanlar\u0131mda sars\u0131lmad\u0131\u011f\u0131m\u0131 hissettim. Bu korunma deneyimi ve do\u011fan\u0131n c\u00f6mertli\u011fi benden kendi aileme, yak\u0131n arkada\u015flar\u0131ma ve onlar\u0131n ailelerine yans\u0131d\u0131. Bu projeden do\u011frudan yararland\u0131\u011f\u0131m\u0131 ve d\u00fcnya ailesinin par\u00e7as\u0131 oldu\u011fumu deneyimledim. Bu \u015fekilde Maharishi Veda Panditleri grubunun t\u00fcm d\u00fcnya ailesi i\u00e7in yararlar\u0131n\u0131 g\u00f6rm\u00fc\u015f oldum.\u201d  &#8211; S\u0131rbistan<\/p>\n<p><strong>\u00dc\u00e7 hafta sonra maa\u015f\u0131m artt\u0131<\/strong><br \/> \u201cOcak ay\u0131n\u0131n ba\u015f\u0131nda, \u015firketteki t\u00fcm \u00e7al\u0131\u015fanlar\u0131n refah\u0131 i\u00e7in Yagya yapt\u0131rd\u0131m. \u00dc\u00e7 hafta sonra maa\u015f\u0131m br\u00fct %12 oran\u0131nda artt\u0131! \u00dcstelik tam da o g\u00fcnlerde! \u015eirket i\u00e7in yapt\u0131rd\u0131\u011f\u0131m Yagya kendini hemen \u00f6dedi!  &#8211; Hollanda\n<\/div>\n<\/p>\n<div class=\"accordion\"><div class=\"accordion-entry\"><em><a href=\"#\">&gt; Ulusal Yagyalar\u0131n Etkileriyle \u0130lgili Deneyimleri Okumaya Devam Edin<\/a><\/em><div class=\"hidden-content\">\n<div class=\"box-quote\">\n<strong>Daha fazla desteklendi\u011fimi hissettim <\/strong><br \/>  \u201cVeda Panditlerini ailemden gelen ba\u011f\u0131\u015flarla destekledim ve her destekledi\u011fimde hayat\u0131m\u0131n farkl\u0131 alanlar\u0131nda daha fazla yard\u0131m ald\u0131m; bu destek kartopu gibi gittik\u00e7e b\u00fcy\u00fcd\u00fc, de\u011fer verdi\u011fim insanlara da ula\u015ft\u0131. B\u00f6ylece etraf\u0131m\u0131zdaki mutlulu\u011fu gittik\u00e7e b\u00fcy\u00fcten k\u00fc\u00e7\u00fck, mutlu bir nehir haline geldik. Bu ba\u015far\u0131l\u0131 giri\u015fime katk\u0131da bulunmam\u0131za yard\u0131mc\u0131 oldunuz; tekrar te\u015fekk\u00fcrler.\u201d  &#8211; Fransa<\/p>\n<p><strong>Ailem kutsand\u0131 <\/strong><br \/> \u201cOlumsuzluklar\u0131 ortadan kald\u0131r\u0131p daha ya\u015fan\u0131las\u0131 bir d\u00fcnyay\u0131 kurmay\u0131 ama\u00e7 edinmi\u015f bu harekette yer almak ger\u00e7ekten b\u00fcy\u00fck bir zevk. Sizi temin ederim ki, bug\u00fcn kendimi \u2018fevkalade\u2019 ve \u2018ayd\u0131nlanm\u0131\u015f\u2019 hissediyorum. Hep arad\u0131\u011f\u0131m \u015feyleri, sonunda buldum. Ger\u00e7ekten g\u00fczel bir his. Asl\u0131nda a\u00e7\u0131klayamayaca\u011f\u0131m bir his belki kesintisiz olumlu bir enerji denilebilir. Ailem kutsand\u0131; yeni i\u015f firsatlar\u0131 do\u011fdu ve yeteneklerinin geli\u015fmesi sayesinde daha iyi ya\u015fam\u0131n t\u00fcm g\u00fczelliklerini deneyimliyorlar. Maharishi Veda Panditlerine m\u00fcte\u015fekkiriz, Ulusal Yagyalar i\u00e7in \u00e7ok te\u015fekk\u00fcrler.\u201d \u2013 Trinidad ve Tobago <\/p>\n<p><strong>Yeni f\u0131rsatlar do\u011fdu <\/strong><br \/> \u201cUlusal Yagyalara ilk katk\u0131lar\u0131m m\u00fctevazi d\u00fczeyde olmas\u0131na ra\u011fmen her ay daha fazla do\u011fa deste\u011finin fark\u0131na vard\u0131m. Sorunlar, aksilikler benim lehimde \u00e7\u00f6z\u00fcmlenmeye ba\u015flad\u0131. Yeni f\u0131rsatlar ortaya \u00e7\u0131kt\u0131. Gelirim yava\u015f yava\u015f artmaya ba\u015flad\u0131 ve son \u00fc\u00e7 ayda her ay iki kat\u0131na \u00e7\u0131kt\u0131. Ge\u00e7en ay 1250 dolar katk\u0131da bulunma \u015fans\u0131m oldu ve ad\u0131m\u0131n Yagya\u2019da ge\u00e7mesi ya\u015fam\u0131mda ger\u00e7ekten b\u00fcy\u00fck bir fark yaratt\u0131. Bu, farkl\u0131 bir hayat.\u201d &#8211; ABD<\/p>\n<p><strong>Yagya\u2019dan itibaren \u015firketimiz y\u00fckseli\u015fe ge\u00e7ti  <\/strong><br \/> \u201cYeni Zelanda i\u00e7in Ulusal Yagya\u2019ya katk\u0131da bulundum. \u00d6zellikle 2011 y\u0131l\u0131ndaki ekonomik durgunluk, i\u015fimizle dahil olmak \u00fczere herkes i\u00e7in \u00e7e\u015fitli s\u0131k\u0131nt\u0131lar yaratm\u0131\u015ft\u0131. Ulusal Yagya\u2019ya katk\u0131da bulunurken akl\u0131mda \u00fclkem, ailem ve i\u015fimizle ilgili ihtiya\u00e7lar vard\u0131. Yagya yap\u0131ld\u0131ktan sonra i\u015fimiz k\u0131sa bir s\u00fcre i\u00e7inde y\u00fckseli\u015fe ge\u00e7ti! E\u015fim inan\u0131lmaz \u00e7ok \u00e7al\u0131\u015f\u0131yor; biz de i\u015fimizin geli\u015fmesi gereken taraflar\u0131na yo\u011funla\u015ft\u0131k ve bu konuda \u00e7ok daha fazla \u00e7al\u0131\u015f\u0131yoruz. Fakat ba\u015far\u0131m\u0131z bizim var olan m\u00fc\u015fterilerimizi aramam\u0131zdan de\u011fil yeni bir m\u00fc\u015fteri kitlesinin bizi aramas\u0131ndan kaynakland\u0131. Tekliflerimiz \u00e7ok daha isabetli; b\u00fcy\u00fck i\u015fleri g\u00f6receli k\u00fc\u00e7\u00fck miktarlardan dolay\u0131 ka\u00e7\u0131rm\u0131yoruz (Bu bizim i\u00e7in kesinlikle \u00e7ok \u00fcz\u00fcc\u00fc olurdu). Sekt\u00f6rde rekabet azald\u0131; insanlar bize tamam ba\u015flay\u0131n diyorlar ve beklemeye haz\u0131rlar. Pazarlama yapm\u0131yoruz, \u015firket ara\u00e7lar\u0131 ve web sitemiz d\u0131\u015f\u0131nda ba\u015fka bir yerde de reklam\u0131m\u0131z yok. Yeni gelen baz\u0131 i\u015fleri kabul edemedi\u011fimiz oldu. Bu, daha \u00f6nce H\u0130\u00c7 olmam\u0131\u015ft\u0131.\u201d &#8211; Yeni Zelanda<\/p>\n<p><strong>\u0130\u015fimizin vazge\u00e7ilmezi  <\/strong><br \/>\u201cI\u015fimizde \u00e7ok daha b\u00fcy\u00fck bir ba\u015far\u0131 yakalad\u0131k ve do\u011fa yasalar\u0131yla ger\u00e7ek bir ba\u011flant\u0131n\u0131n keyfine vard\u0131k. Bu, bize Maharishi\u2019den gelen ba\u015fka bir muazzam ya\u015fam hediyesi, bir f\u0131rsat! Art\u0131k Ulusal Yagyalar i\u015fimiz i\u00e7in vazge\u00e7ilmez oldu.\u201d &#8211; ABD<\/p>\n<p><strong>Ya\u015fam olmas\u0131 gerekti\u011fi gibi <\/strong><br \/>\u201cYagyalar esnas\u0131nda g\u00fcnl\u00fck faaliyetlerim daha ak\u0131c\u0131 ve daha kolay hale geldi. Ayn\u0131 ak\u0131c\u0131l\u0131\u011f\u0131 ve kolayl\u0131\u011f\u0131 bedenimde ve duygular\u0131mda da deneyimledim. \u0130ster ki\u015fisel, ister i\u015fle, ister aile ile ilgili olsun kar\u015f\u0131la\u015ft\u0131\u011f\u0131m en zor durumlar bile \u00e7abas\u0131z bir \u015fekilde kendili\u011finden \u00e7\u00f6z\u00fcl\u00fcr hale geldi. Tam da ya\u015famda olmas\u0131 gerekti\u011fi gibi.\u201d  &#8211; ABD<\/p>\n<p><strong>Her \u015fey daha ak\u0131c\u0131 <\/strong><br \/> \u201cUlusal Yagyalar\u0131n ba\u015flang\u0131c\u0131ndan beri \u00f6zellikle Kubbe\u2019deki programlar\u0131mda farketti\u011fim \u015fu oldu; hayat\u0131m\u0131zda \u00e7arp\u0131c\u0131 olaylar olsa da yine de her \u015fey p\u00fcr\u00fczs\u00fczd\u00fc. \u0130nan\u0131n Ulusal Yagyalar\u0131n etkisi farkedebilece\u011fimizden \u00e7ok daha b\u00fcy\u00fck. Bunu anlam\u0131\u015f olmak, beni minnettar ve mutlu k\u0131l\u0131yor.\u201d  &#8211; Hollanda<\/p>\n<\/div>\n<a href=\"#\" class=\"close\">Close Section<\/a><\/div><\/div>\n<\/div>\n<div class=\"border-line\">&nbsp;<\/div>\n<div class=\"grid-holder\">\n<div class=\"grid grid-desktop-50 grid-mobile-100\"><div class=\"holder\"><h4 id=\"testimonials\">\u00dcLKE GENEL\u0130NDEK\u0130 DE\u011e\u0130\u015e\u0130MLER<\/h4>\n<p>Ulusal Yagya uygulamas\u0131 sonras\u0131nda farkl\u0131 \u00fclkelerin ekonomik ve politik durumlar\u0131yla ilgili de\u011fi\u015fimleri a\u015fa\u011f\u0131da okuyabilirsiniz. Ulusal Yagya \u00fclke i\u00e7in se\u00e7ilen bir niyet ile uygulan\u0131r. Bu niyetlere \u00f6rnek vermek gerekirse: iktisadi geli\u015fim, sa\u011fl\u0131\u011f\u0131n iyiye gitmesi, ulusal uyum; do\u011fal afetler, \u015fiddet veya ekonomik kriz gibi sorunlar\u0131n azalmas\u0131 veya \u00f6nlenmesi gibi \u00f6rnekler say\u0131labilir. Ulusal Yagya\u2019n\u0131n tamam\u0131n\u0131 kar\u015f\u0131layabilirsiniz. Bu durumda, sizin veya \u015firketinizin ad\u0131 Yagya\u2019da s\u00f6ylenir; Yagya\u2019n\u0131n niyetini de belirleyebilirsiniz.<\/p>\n<\/div><\/div>\n<div class=\"grid grid-desktop-50 grid-mobile-100\"><div class=\"holder\"><p><img loading=\"lazy\" decoding=\"async\" class=\"alignright wp-image-2189\" src=\"\/wp-content\/uploads\/2015\/01\/testimonial_sized_small-300x226.jpg\" alt=\"testimonial_sized_small\" width=\"376\" height=\"284\" srcset=\"https:\/\/donation.vedicpandits.org\/wp-content\/uploads\/2015\/01\/testimonial_sized_small-300x226.jpg 300w, https:\/\/donation.vedicpandits.org\/wp-content\/uploads\/2015\/01\/testimonial_sized_small.jpg 408w\" sizes=\"auto, (max-width: 376px) 100vw, 376px\" \/><\/p>\n<\/div><\/div>\n<\/div>\n<div class=\"box-quote\">\nL\u00dcBNAN, 2014<br \/>\n\u201cSuriye\u2019deki sava\u015f\u0131 ve Irak\u2019taki durumu biliyorsunuz. Bu \u00fclkelerdeki ter\u00f6rist gruplar L\u00fcbnan\u2019daki baz\u0131 \u015fehirlere sald\u0131racaklar\u0131n\u0131 ilan ettiler ve on g\u00fcn i\u00e7inde \u00fc\u00e7 sald\u0131r\u0131 haz\u0131rl\u0131\u011f\u0131, do\u011fru bir zamanlamayla ordu ve polis taraf\u0131ndan etkisiz hale getirildi. L\u00fcbnan\u2019\u0131n \u00fc\u00e7 ter\u00f6rist sald\u0131r\u0131s\u0131ndan kurtuldu\u011fu t\u00fcm haber programlar\u0131nda yer ald\u0131 ve her yerde konu\u015fuldu. Buna \u0130lahi Takdir dendi ve a\u00e7\u0131klanamaz oldu\u011fu s\u00f6ylendi. Bundan \u00f6nce de benzer durumlar\u0131 ya\u015fad\u0131k. Bu, ilk de\u011fildi. L\u00fcbnan\u2019\u0131n korunuyor olmas\u0131n\u0131n, \u00fc\u00e7 y\u0131l\u0131 a\u015fk\u0131n s\u00fcredir yap\u0131lan Ulusal Yagyalar\u0131n birikmi\u015f etkisinin oldu\u011fu a\u00e7\u0131k. Her Yagya d\u00f6ng\u00fcs\u00fcnde ayda iki kez Ulusal Yagya yapt\u0131r\u0131yoruz. L\u00fcbnan\u2019\u0131 korumak i\u00e7in bunu s\u00fcrd\u00fcrece\u011fiz. Maharishi\u2019nin programlar\u0131na ve Hindistan\u2019\u0131n Brahmasthan\u2019\u0131ndaki Maharishi Veda Panditlerine minnettar\u0131z.\u201d <em>Salim Haddad \u2013 L\u00fcbnan Ulusal Temsilcisi<\/em><\/p>\n<p>SIRB\u0130STAN, 2014<br \/>\n\u201cS\u0131rbistan, birka\u00e7 ay \u00f6nce y\u0131k\u0131c\u0131 sellerle sars\u0131ld\u0131. Bu sellerden hemen sonra yeni bir sel felaketiyle kar\u015f\u0131la\u015faca\u011f\u0131m\u0131z tahmini yap\u0131ld\u0131. Ancak bu sel felaketinin hemen \u00f6ncesinde gelen c\u00f6mert ba\u011f\u0131\u015flar\u0131n\u0131z ve Ulusal Yagyalar i\u00e7in beklenmedik  destekle, ikinci dalga seller \u00f6nlenmi\u015f oldu. Bu d\u00f6nemde politikac\u0131lar, \u015fa\u015fk\u0131nl\u0131k i\u00e7inde ne kadar \u015fansl\u0131 oldu\u011fumuzu s\u00f6yl\u00fcyorlard\u0131. Sadece biz, bu \u015fans\u0131n Maharishi Ulusal Yagyalar\u0131n\u0131n deste\u011fi ile geldi\u011fini biliyorduk.\u201d  <em>Voja Trajkovic \u2013 S\u0131rbistan Ulusal Temsilcisi<\/em><\/p>\n<p>KOLOMB\u0130YA, 2013<br \/>\n\u201cMaharishi Ulusal Yagyalar\u0131 \u00fclkemizin faydaland\u0131\u011f\u0131 en b\u00fcy\u00fck nimetlerden birisidir. Ulusal Yagyalar s\u0131ras\u0131nda ve sonras\u0131nda, \u00fclke genelinde farkl\u0131 alanlar, uyum ve do\u011fa deste\u011finden faydaland\u0131. Ayr\u0131ca Meditat\u00f6rlerin ve Sidhalar\u0131n, \u00f6zellikle ba\u011f\u0131\u015fta bulunanlar\u0131n, m\u00fckemmel deneyimlerine hayran kald\u0131k. Ulusal Yagya\u2019n\u0131n niyetinin (Sankalpa) ger\u00e7ekle\u015fti\u011fini, \u00fclke liderlerinin ald\u0131klar\u0131 yerinde kararlarda g\u00f6r\u00fcyoruz. Maharishi Ulusal Yagyalar\u0131n\u0131n, hem \u00f6zel hem de ulusal alanda do\u011fa yasalar\u0131n\u0131n sonsuz d\u00fczenleme g\u00fcc\u00fcn\u00fc kullanan bir uygulama oldu\u011funu d\u00fc\u015f\u00fcn\u00fcyoruz. G\u00fcn\u00fcm\u00fcz\u00fcn e\u011filimlerini olumlu \u015fekilde etkileyen bu g\u00fc\u00e7l\u00fc teknolojiyi bizlere kazand\u0131rd\u0131klar\u0131 i\u00e7in Maharishi ve Guru Dev\u2019e minnettar\u0131z.\u201d <em>Paul Fabre \u2013 Kolombiya Ulusal Temsilcisi<\/em>\n<\/div>\n<div class=\"accordion\"><div class=\"accordion-entry\"><em><a href=\"#\">&gt; Ulusal Yagyalar\u0131 Desteklemi\u015f \u00dclkelerdeki De\u011fi\u015fimlerle \u0130lgili Di\u011fer Raporlar<\/a><\/em><div class=\"hidden-content\">\n<div class=\"box-quote\">\nB\u0130RLE\u015e\u0130K KRALLIK, 2013 <br \/>\n\u0130ngiltere\u2019de ekonomi m\u00fckemmel bir ba\u015far\u0131 yakalad\u0131. Ekonominin bu m\u00fckemmel ba\u015far\u0131s\u0131, bankac\u0131lar\u0131n ve Iktisat\u00e7\u0131lar\u0131n tahminlerini tamamen bo\u015fa \u00e7\u0131kartt\u0131.<\/p>\n<p>PORTEK\u0130Z, 2012 <br \/>\nBir kereye mahsus da olsa, yeni ve a\u011f\u0131r bir toplumsal vergi karar\u0131 al\u0131nm\u0131\u015ft\u0131. Bu karara kitlesel \u00e7apta bir ba\u015fkald\u0131r\u0131 oldu. Ulusal Yagya uyguland\u0131ktan sonra, bu olay ola\u011fan\u00fcst\u00fc bir \u015fekilde, \u015fiddet i\u00e7ermeyen, ulusu birle\u015ftirerek  ve bar\u0131\u015f\u00e7\u0131l bir \u015fekilde \u00e7\u00f6z\u00fcmlendi.<\/p>\n<p>L\u00dcBNAN, 2012<br \/>\nUlusal Yagyalara Ocak 2011\u2019de ba\u015flad\u0131k. O tarihten itibaren d\u00fczenli bir \u015fekilde devam ettik. Gerilimler ve i\u00e7 \u00e7at\u0131\u015fmalar ciddi oranda azal\u0131rken, politik suikast giri\u015fimleri de ba\u015far\u0131s\u0131zl\u0131\u011fa u\u011frad\u0131. Ayn\u0131 zamanda ter\u00f6r planlar\u0131 ortaya \u00e7\u0131kar\u0131ld\u0131 ve \u00f6nlendi. Ayr\u0131ca silahl\u0131 \u00e7at\u0131\u015fmalar engellendi. Yagya\u2019ya katk\u0131da bulunanlar, ki\u015fisel olarak olumlu etkiler ya\u015fad\u0131lar. Hatta L\u00fcbnan Cumhurba\u015fkan\u0131, \u201cOcak 2011\u2019den g\u00fcn\u00fcm\u00fcze kadar olan d\u00f6nemde L\u00fcbnan, beklenmedik bir \u015fekilde istikrar\u0131 yakalam\u0131\u015ft\u0131r.\u201d dedi. <\/p>\n<p>ABD, 2012<br \/>\nUlusal Yagyalar \u00f6zellikle \u00fclke \u00e7ap\u0131nda kurakl\u0131ktan etkilenmi\u015f b\u00f6lgelere ya\u011fmur ya\u011fmas\u0131 i\u00e7in d\u00fczenlendi. Bu duruma \u00f6ncelik tan\u0131nd\u0131. Fakat Ulusal Yagyalardan sonra di\u011fer alanlarda da olumlu de\u011fi\u015fimler g\u00f6zlendi: ekonomik b\u00fcy\u00fcme %3.1 oran\u0131nda y\u00fckselirken i\u015fsizlik oran\u0131 d\u00fc\u015ft\u00fc ve sanayi \u00fcretiminde art\u0131\u015f ya\u015fand\u0131; ek olarak t\u00fcketici g\u00fcven g\u00f6stergesi artt\u0131 ve sorunsuz ve uyum i\u00e7erisinde bir genel se\u00e7im ya\u015fand\u0131. \u00c7ok korkulan 21 Aral\u0131k bile inan\u0131lmaz derecede olumlu bir havada ge\u00e7ti.<\/p>\n<p>GANA, 2012 <br \/>\n\u201cSize, Gana i\u00e7in yap\u0131lan son Ulusal Yagya\u2019dan sonra ger\u00e7ekle\u015fen se\u00e7imlerden s\u00f6z etmek istiyorum. Bu se\u00e7imler, Gana\u2019n\u0131n ulusal tarihindeki en iyi ve en huzurlu se\u00e7imler olarak tan\u0131mlanabilir. B\u00f6yle bir se\u00e7im sonucu, s\u00f6z konusu olan bir Afrika \u00fclkesiyse ger\u00e7ekten kayda de\u011ferdir. Maharishi\u2019ye bize bu bilgiyi kazand\u0131rd\u0131\u011f\u0131 i\u00e7in minnettar\u0131z. Biz de kendi \u00f6l\u00e7e\u011fimizde bar\u0131\u015fa katk\u0131 sa\u011flamay\u0131 umuyoruz.\u201d  <em>Gana Ulusal Temsilcisi<\/em>\n<\/div>\n<a href=\"#\" class=\"close\">Close Section<\/a><\/div><\/div>\n<\/div>\n<div class=\"border-line\">&nbsp;<\/div>\n<div class=\"grid-holder\">\n<div class=\"grid grid-desktop-50 grid-mobile-100\"><div class=\"holder\"><h4>\u0130LK ELDEN B\u0130LG\u0130LER &#8211; \u00d6ZEL YAGYALAR<\/h4>\n<p>\u00d6zel Yagyalar Ulusal Yagyalardan farkl\u0131d\u0131r. . Maharishi, \u00d6zel Yagyalar\u0131 bireyin ya\u015fam\u0131ndaki \u00f6nemli d\u00f6nemlerde ki\u015fiye ve aileye do\u011fa deste\u011fi sa\u011flamas\u0131 amac\u0131yla olu\u015fturmu\u015ftur.<a title=\"Special Yagya page\" href=\"https:\/\/donation.vedicpandits.org\/tr\/yagya\/special-yagya\/\"> \u00d6zel Yagyalar <\/a> a\u015fa\u011f\u0131daki \u00f6zel g\u00fcnlerde yap\u0131l\u0131r.  <\/p>\n<ul>\n<li>DO\u011eUM G\u00dcNLER\u0130: do\u011fum g\u00fcn\u00fcnde uygulan\u0131r<\/li>\n<li>Esenlik, Mutluluk ve Refah: Se\u00e7ilen herhangi bir g\u00fcn uygulanabilir <\/li>\n<li>EVL\u0130L\u0130KLER: evlili\u011fin oldu\u011fu g\u00fcn uygulan\u0131r<\/li>\n<li>EVL\u0130L\u0130K YILD\u00d6N\u00dcMLER\u0130: evlilik y\u0131ld\u00f6n\u00fcm\u00fcnde uygulan\u0131r<\/li>\n<li>YEN\u0130 DO\u011eAN BEBEK: do\u011fumundan 40 g\u00fcn sonra uygulan\u0131r<\/li>\n<\/ul>\n<p>A\u015fa\u011f\u0131da Do\u011fum G\u00fcn\u00fc ve Evlilik Y\u0131ld\u00f6n\u00fcm\u00fc i\u00e7in Yagya yapt\u0131ran ki\u015filerin deneyimlerini okuyabilirsiniz. <\/p>\n<\/div><\/div>\n<div class=\"grid grid-desktop-50 grid-mobile-100\"><div class=\"holder\"><p><img loading=\"lazy\" decoding=\"async\" class=\"alignright size-full wp-image-2345\" src=\"\/wp-content\/uploads\/2015\/01\/testimonials_specialyagya.jpg\" alt=\"testimonials_specialyagya\" width=\"408\" height=\"308\" srcset=\"https:\/\/donation.vedicpandits.org\/wp-content\/uploads\/2015\/01\/testimonials_specialyagya.jpg 408w, https:\/\/donation.vedicpandits.org\/wp-content\/uploads\/2015\/01\/testimonials_specialyagya-300x226.jpg 300w\" sizes=\"auto, (max-width: 408px) 100vw, 408px\" \/><\/p>\n<\/div><\/div>\n<\/div>\n<div class=\"box-quote\">\n<strong>Her \u015fey \u00e7abas\u0131z bir \u015fekilde oluyordu  <\/strong><br \/> \u201cDo\u011fum g\u00fcn\u00fcmde her \u015fey benim i\u00e7in kendili\u011finden, huzurlu ve rahat bir \u015fekilde ge\u00e7ti. Buna ger\u00e7ekten \u00e7ok \u015fa\u015f\u0131rd\u0131m. Di\u011fer do\u011fum g\u00fcnlerimden tamamen farkl\u0131yd\u0131. Yagyalar\u0131 d\u00fczenleyenlere \u00e7ok te\u015fekk\u00fcr ederim.\u201d Kanada <\/p>\n<p><strong>Hat\u0131rlad\u0131\u011f\u0131m en mutlu do\u011fum g\u00fcn\u00fc <\/strong><br \/> \u201cBir s\u00fcredir hayat\u0131m\u0131n baz\u0131 alanlar\u0131nda hi\u00e7 ilerleme olmam\u0131\u015ft\u0131. Yagya ile beraber bu alanlar olumluya do\u011fru hareket  etmeye ba\u015flad\u0131 ve uzun zamand\u0131r ya\u015fad\u0131\u011f\u0131m en mutlu do\u011fum g\u00fcn\u00fcmd\u00fc.  B\u00fct\u00fcn hafta boyunca kutlamalar yap\u0131ld\u0131. \u00c7ocuklu\u011fumda bile b\u00f6yle bir \u015fey olmam\u0131\u015ft\u0131. Yagya\u2019n\u0131n sonucundan ger\u00e7ekten \u00e7ok mutluyum. Umar\u0131m bir sonraki do\u011fum g\u00fcn\u00fcm bir an \u00f6nce gelir.\u201d Italya<\/p>\n<p><strong><br \/>Kendimi kutsanm\u0131\u015f hissediyorum  <\/strong><br \/>\u201cYagya ile beraber bilincimde kesin bir de\u011fi\u015fim oldu\u011funa eminim. Ger\u00e7ekten kendimi kutsanm\u0131\u015f hissettim. Her y\u0131l do\u011fum g\u00fcn\u00fcm i\u00e7in Yagya yapt\u0131rmay\u0131 d\u00f6rt g\u00f6zle bekliyorum.\u201d  Birle\u015fik Krall\u0131k<\/p>\n<p><strong>Kozmik G\u00fcl\u00fcmseme <\/strong><br \/> \u201cGer\u00e7ekten evrensel bir deneyim; insan varl\u0131\u011f\u0131n\u0131 her d\u00fczeyinde Kozmik bir G\u00fcl\u00fcmseme i\u00e7inde birle\u015ftiriyor. Ki\u015fi neredeyse \u00fczerine alt\u0131n sa\u00e7\u0131lm\u0131\u015f gibi hissediyor. Yagya yapan b\u00fct\u00fcn Veda Panditlerine ve bize \u0130lahi Saf Bilgiyi sunan Veda Gelene\u011fi\u2019ne \u00e7ok te\u015fekk\u00fcrler.\u201d  S\u0131rbistan <\/p>\n<\/div>\n<div class=\"accordion\"><div class=\"accordion-entry\"><em><a href=\"#\">&gt; \u00d6zel Yagya Deneyimlerinin Devam\u0131 <\/a><\/em><div class=\"hidden-content\">\n<div class=\"box-quote\">\n<strong> Harika bir deneyimdi <\/strong><br \/> \u201cBu benim ilk Maharishi Yagya\u2019md\u0131 ve harika bir deneyimdi. Her sene yapt\u0131rmay\u0131 planl\u0131yorum. Do\u011fum g\u00fcn\u00fcmden bir \u00f6nceki gece yo\u011fun mutluluk dalgalar\u0131 hissettim. Uzun bir s\u00fcredir beni me\u015fgul eden pek \u00e7ok sorun \u00e7\u00f6z\u00fcmlendi (\u00c7ok b\u00fcy\u00fck bir rahatlama oldu). \u015eimdi mutlu ve keyifliyim. G\u00fcn i\u00e7inde ortaya \u00e7\u0131kan engeller daha kolay a\u015f\u0131ld\u0131 ve faaliyetlerim daha verimliydi. Bu Yagyalar\u0131 bize kazand\u0131rd\u0131\u011f\u0131n\u0131z i\u00e7in te\u015fekk\u00fcrler.\u201d  Kanada<\/p>\n<p><strong>Etkisi \u00e7ok a\u00e7\u0131kt\u0131  <\/strong><br \/> \u201cYagya\u2019n\u0131n b\u00f6ylesi bir \u015fekilde bizi do\u011frudan etkileyece\u011fini beklemiyorduk. Uzun bir yat\u0131l\u0131 kursun etkisi gibiydi.  Anlatmas\u0131 g\u00fc\u00e7 ama kesinlikle ka\u00e7\u0131r\u0131lmamas\u0131 gereken bir deneyim.\u201d ABD<\/p>\n<p style=\"text-align: left;\"><strong>\u00c7ok \u00f6zel bir \u015fey oldu <\/strong> \u201cEvlilik Y\u0131ld\u00f6n\u00fcm\u00fc Yagyas\u0131na katk\u0131da bulundu\u011fum andan itibaren ili\u015fkimizde \u00e7ok \u00f6zel bir \u015fey oldu; \u015fimdi her \u015fey o kadar saf ve berrak ki. Ba\u011f\u0131\u015f\u0131 yapt\u0131\u011f\u0131m\u0131z andan itibaren Yagya harikalar yaratmaya ba\u015flad\u0131.\u201d Hollanda<\/p>\n<p><strong>Mutla\u011fa demir att\u0131k  <\/strong><br \/> \u201cYagya s\u00fcresince Mutla\u011fa demir atm\u0131\u015f gibi hissediyorduk. Sanki oraya sabitlenmi\u015f gibiydik. S\u00f6ylememe gerek yok san\u0131r\u0131m bir sonraki Yagya\u2019y\u0131 iple \u00e7ekiyoruz.\u201d  ABD<\/p>\n<p><strong>Yagya yorgunlu\u011fumu ve korkular\u0131m\u0131 sildi s\u00fcp\u00fcrd\u00fc <\/strong><br \/>G\u00fcn boyunca bir \u00e7ok ho\u015f deneyimim oldu. Kendimi \u00e7ok mutlu ve sakin hissettim. T\u00fcm hareketlerim her zamankinden daha yumu\u015fak ve rahatt\u0131. Hala umutla doluyum ve t\u00fcm ya\u015fam\u0131m\u0131n desteklendi\u011fini hissediyorum. En iyi k\u0131sm\u0131, kalbim daha a\u00e7\u0131k ve meditasyonlar\u0131m \u00f6ncekilerden daha derin. Yagya, ge\u00e7mi\u015ften gelen b\u00fct\u00fcn yorgunlu\u011fumu ve korkular\u0131m\u0131 sanki sildi s\u00fcp\u00fcrd\u00fc. \u0130nanin hepsi yok oldu ve ger\u00e7ekten Do\u011fum G\u00fcn\u00fc Yagyas\u0131n\u0131 herkese hararetle \u00f6neririm.\u201d  Almanya<\/p>\n<p><strong>Hayat su gibi ak\u0131p gidiyor <\/strong><br \/> \u201cYagyalar\u0131n etkisi inan\u0131lmaz! Konu\u015ftu\u011fum pek \u00e7ok ki\u015finin s\u00f6yledi\u011fi gibi ben de benzer bir deneyim ya\u015fad\u0131m. Ya\u015fam \u00e7ok daha yumu\u015fak bir ak\u0131\u015f i\u00e7erisindeydi. K\u00fc\u00e7\u00fck olsun b\u00fcy\u00fck olsun do\u011fa deste\u011fi kesintisiz gelmekte; engeller kendili\u011finden ortadan kalkmakta. Kendimi b\u00fct\u00fcn ile uyum i\u00e7erisinde hissediyorum.\u201d ABD<\/p>\n<\/div>\n<a href=\"#\" class=\"close\">Close Section<\/a><\/div><\/div>\n<\/div>\n","protected":false},"excerpt":{"rendered":"<p>ULUSAL YAGYALARIN ETK\u0130LER\u0130YLE \u0130LG\u0130L\u0130 \u0130LK ELDEN B\u0130LG\u0130LER Ulusal Yagya s\u0131ras\u0131nda \u00fclkeniz deste\u011finizden yararlan\u0131rken \u201cNe ekersen onu bi\u00e7ersin\u201d s\u00f6z\u00fcnde oldu\u011fu gibi bu etki bir yurtta\u015f olarak size de yans\u0131r. \u00c7ok eski d\u00f6nemlere uzanan Veda Gelene\u011fi\u2019nde Yagya\u2019dan \u00f6ncelikle yarar g\u00f6renlerin Yagyalar\u0131n destek\u00e7ileri oldu\u011fu s\u00f6ylenir. A\u015fa\u011f\u0131da Ulusal Yagyalar\u0131 desteklemi\u015f ki\u015filerin deneyimlerini okuyabilirsiniz. Daha az sorun ve daha fazla [&hellip;]<\/p>\n","protected":false},"author":3,"featured_media":2394,"parent":0,"menu_order":0,"comment_status":"closed","ping_status":"closed","template":"","meta":{"om_disable_all_campaigns":false,"_monsterinsights_skip_tracking":false,"_monsterinsights_sitenote_active":false,"_monsterinsights_sitenote_note":"","_monsterinsights_sitenote_category":0,"footnotes":""},"class_list":["post-3562","page","type-page","status-publish","has-post-thumbnail","hentry"],"_links":{"self":[{"href":"https:\/\/donation.vedicpandits.org\/tr\/wp-json\/wp\/v2\/pages\/3562","targetHints":{"allow":["GET"]}}],"collection":[{"href":"https:\/\/donation.vedicpandits.org\/tr\/wp-json\/wp\/v2\/pages"}],"about":[{"href":"https:\/\/donation.vedicpandits.org\/tr\/wp-json\/wp\/v2\/types\/page"}],"author":[{"embeddable":true,"href":"https:\/\/donation.vedicpandits.org\/tr\/wp-json\/wp\/v2\/users\/3"}],"replies":[{"embeddable":true,"href":"https:\/\/donation.vedicpandits.org\/tr\/wp-json\/wp\/v2\/comments?post=3562"}],"version-history":[{"count":28,"href":"https:\/\/donation.vedicpandits.org\/tr\/wp-json\/wp\/v2\/pages\/3562\/revisions"}],"predecessor-version":[{"id":8340,"href":"https:\/\/donation.vedicpandits.org\/tr\/wp-json\/wp\/v2\/pages\/3562\/revisions\/8340"}],"wp:featuredmedia":[{"embeddable":true,"href":"https:\/\/donation.vedicpandits.org\/tr\/wp-json\/wp\/v2\/media\/2394"}],"wp:attachment":[{"href":"https:\/\/donation.vedicpandits.org\/tr\/wp-json\/wp\/v2\/media?parent=3562"}],"curies":[{"name":"wp","href":"https:\/\/api.w.org\/{rel}","templated":true}]}}