{"id":3674,"date":"2015-03-11T10:43:55","date_gmt":"2015-03-11T10:43:55","guid":{"rendered":"https:\/\/vedicpandits.org\/?page_id=3674"},"modified":"2016-01-11T11:12:51","modified_gmt":"2016-01-11T11:12:51","slug":"intermediary-donation-page","status":"publish","type":"page","link":"https:\/\/donation.vedicpandits.org\/tr\/intermediary-donation-page\/","title":{"rendered":"DESTEK OLUN"},"content":{"rendered":"<h2 style=\"margin-bottom: 30px; color: white; background: none repeat scroll 0 0 #e37d22; font-size: 17px; text-align: center; padding-top: 10px;\">BARI\u015e \u0130\u00c7\u0130NDE B\u0130R D\u00dcNYA YARATMAK \u0130\u00c7\u0130N<br \/>\nMAHARISHI VEDA PAND\u0130TLER\u0130 GRUBUNA DESTEK OLUN.<\/h2>\n<div class=\"grid grid-desktop-30 grid-mobile-100\">\n<div class=\"holder\"><img loading=\"lazy\" decoding=\"async\" class=\"alignleft size-full wp-image-2490\" src=\"\/wp-content\/uploads\/2015\/03\/photo_pandit_donatepage1.jpg\" alt=\"photo_pandit_donatepage\" width=\"234\" height=\"284\" \/><\/div>\n<\/div>\n<div class=\"grid grid-desktop-70 grid-mobile-100\">\n<div class=\"holder\">\n<p>Maharishi Veda Panditlerine ba\u011f\u0131\u015fta bulunmak i\u00e7in sayfan\u0131n hemen alt\u0131ndaki \u2018<strong>BA\u011eI\u015e SAYFASINA DEVAM ED\u0130N<\/strong>\u2019 tu\u015funa t\u0131klayarak i\u015flemlerinize ba\u015flayabilirsiniz. Kredi kart\u0131n\u0131z ile \u00f6demeyi yapabilir veya PayPal\u2019\u0131 kullanabilirsiniz.<\/p>\n<p>Ba\u011f\u0131\u015f sayfas\u0131n\u0131n tamam\u0131 \u0130ngilizcedir. <strong>Dilerseniz, size yard\u0131mc\u0131 olmak \u00fczere ba\u011f\u0131\u015f sayfas\u0131n\u0131n T\u00fcrk\u00e7e terc\u00fcmesinin bulundu\u011fu PDF dosyas\u0131n\u0131 indirerek T\u00fcrk\u00e7e kar\u015f\u0131l\u0131klar\u0131na bakabilirsiniz.<br \/>\n<\/strong><\/p>\n<p>Ba\u011f\u0131\u015flar dolar ile yap\u0131lmaktad\u0131r. EUR (Euro) ile de Brahmananda Saraswati Trust\u2019a (Hollanda) ba\u011f\u0131\u015fta bulunman\u0131z m\u00fcmk\u00fcnd\u00fcr. EUR (Euro) ile \u00f6deme yapmak isterseniz bankan\u0131za hesab\u0131n\u0131zdan d\u00fczenli \u00f6deme emri verebilir veya PayPal ile ba\u011f\u0131\u015f\u0131n\u0131z\u0131 yapabilirsiniz.<\/p>\n<p>EUR (Euro) ile PayPal \u00fczerinden ba\u011f\u0131\u015f\u0131n\u0131z\u0131 yapmak isterseniz, \u00f6demenizi a\u015fa\u011f\u0131daki e-posta adresine g\u00f6nderebilirsiniz:<\/p>\n<p>BST108@maharishi.net<br \/>\n&nbsp;<\/p>\n<p>EUR (Euro) ile ba\u011f\u0131\u015flarda banka transfer bilgileri:<\/p>\n<div class=\"grid-holder\">\n<div class=\"grid grid-desktop-50 grid-mobile-100\"><div class=\"holder\"><p>Banka Hesap Bilgileri:<br \/>\nBanka ad\u0131: ING Bank<br \/>\nBanka adres: Roermond, Hollanda<br \/>\nSwift Code\/BIC: INGBNL2A<br \/>\nAl\u0131c\u0131n\u0131n ad\u0131: BST<br \/>\nIBAN: NL74 INGB 0659 6208 04<br \/>\nHesap numaras\u0131: 65.96.20.804<\/p>\n<\/div><\/div>\n<div class=\"grid grid-desktop-50 grid-mobile-100\"><div class=\"holder\"><p>Al\u0131c\u0131n\u0131n adresi:<br \/>\nStation 24<br \/>\n6063NP Vlodrop<br \/>\nHollanda<\/p>\n<\/div><\/div>\n<\/div>\n<p>&nbsp;<br \/>\nSorular\u0131n\u0131z i\u00e7in Transandantal Meditasyon Merkezi\u2019ni (212) 347 5300\u2019den arayabilir veya TM@maharishi.org.tr adresine e-posta g\u00f6nderebilirsiniz.<\/p>\n<p><!--\n\n<p style=\"text-align: center;\"><a class=\"btn btn-large\" href=\"\/wp-content\/uploads\/2015\/03\/tr_translaiton_of_donation_pages_1_and_2.pdf\" target=\"_blank\">&gt; T\u00dcRK\u00c7E TERC\u00dcMES\u0130N\u0130 \u0130ND\u0130R\u0130N (PDF)<\/a><\/p>\n\n--><\/p>\n<p style=\"text-align: center;\"><a class=\"btn btn-large\" href=\"\/wp-content\/uploads\/2015\/10\/TR-VP-Donation-translation-aid-Yagya-reduction-for-Turkey.pdf\" target=\"_blank\">&gt; T\u00dcRK\u00c7E TERC\u00dcMES\u0130N\u0130 \u0130ND\u0130R\u0130N (PDF)<\/a><\/p>\n<p style=\"text-align: center;\"><a class=\"btn btn-large\" href=\"https:\/\/donate.vedicpandits.org\/ipgeo\/ipgeo.php\">&gt; BA\u011eI\u015e SAYFASINA DEVAM ED\u0130N<\/a><\/p>\n<\/div>\n<\/div>\n","protected":false},"excerpt":{"rendered":"<p>BARI\u015e \u0130\u00c7\u0130NDE B\u0130R D\u00dcNYA YARATMAK \u0130\u00c7\u0130N MAHARISHI VEDA PAND\u0130TLER\u0130 GRUBUNA DESTEK OLUN. Maharishi Veda Panditlerine ba\u011f\u0131\u015fta bulunmak i\u00e7in sayfan\u0131n hemen alt\u0131ndaki \u2018BA\u011eI\u015e SAYFASINA DEVAM ED\u0130N\u2019 tu\u015funa t\u0131klayarak i\u015flemlerinize ba\u015flayabilirsiniz. Kredi kart\u0131n\u0131z ile \u00f6demeyi yapabilir veya PayPal\u2019\u0131 kullanabilirsiniz. Ba\u011f\u0131\u015f sayfas\u0131n\u0131n tamam\u0131 \u0130ngilizcedir. Dilerseniz, size yard\u0131mc\u0131 olmak \u00fczere ba\u011f\u0131\u015f sayfas\u0131n\u0131n T\u00fcrk\u00e7e terc\u00fcmesinin bulundu\u011fu PDF dosyas\u0131n\u0131 indirerek T\u00fcrk\u00e7e [&hellip;]<\/p>\n","protected":false},"author":3,"featured_media":0,"parent":0,"menu_order":0,"comment_status":"closed","ping_status":"closed","template":"","meta":{"om_disable_all_campaigns":false,"_monsterinsights_skip_tracking":false,"_monsterinsights_sitenote_active":false,"_monsterinsights_sitenote_note":"","_monsterinsights_sitenote_category":0,"footnotes":""},"class_list":["post-3674","page","type-page","status-publish","hentry"],"_links":{"self":[{"href":"https:\/\/donation.vedicpandits.org\/tr\/wp-json\/wp\/v2\/pages\/3674","targetHints":{"allow":["GET"]}}],"collection":[{"href":"https:\/\/donation.vedicpandits.org\/tr\/wp-json\/wp\/v2\/pages"}],"about":[{"href":"https:\/\/donation.vedicpandits.org\/tr\/wp-json\/wp\/v2\/types\/page"}],"author":[{"embeddable":true,"href":"https:\/\/donation.vedicpandits.org\/tr\/wp-json\/wp\/v2\/users\/3"}],"replies":[{"embeddable":true,"href":"https:\/\/donation.vedicpandits.org\/tr\/wp-json\/wp\/v2\/comments?post=3674"}],"version-history":[{"count":22,"href":"https:\/\/donation.vedicpandits.org\/tr\/wp-json\/wp\/v2\/pages\/3674\/revisions"}],"predecessor-version":[{"id":3676,"href":"https:\/\/donation.vedicpandits.org\/tr\/wp-json\/wp\/v2\/pages\/3674\/revisions\/3676"}],"wp:attachment":[{"href":"https:\/\/donation.vedicpandits.org\/tr\/wp-json\/wp\/v2\/media?parent=3674"}],"curies":[{"name":"wp","href":"https:\/\/api.w.org\/{rel}","templated":true}]}}